{"id":1143,"date":"2024-02-23T14:14:42","date_gmt":"2024-02-23T13:14:42","guid":{"rendered":"https:\/\/kundeservice.admmit.no\/?page_id=1143"},"modified":"2025-03-04T11:22:32","modified_gmt":"2025-03-04T10:22:32","slug":"overforing-til-fakturagrunnlag","status":"publish","type":"page","link":"https:\/\/kundeservice.admmit.no\/?page_id=1143","title":{"rendered":"Overf\u00f8ring til fakturagrunnlag"},"content":{"rendered":"\n<p><strong>Overf\u00f8ring til fakturagrunnlag<\/strong><\/p>\n\n\n\n<ul class=\"wp-block-list\">\n<li>Velg Fakturering i meny<\/li>\n\n\n\n<li>Velg Ordre til fakturagrunnlag<\/li>\n\n\n\n<li>Marker kj\u00f8resedler med kryss i venstre marg<\/li>\n\n\n\n<li>Velg \u00ab<strong>Overf\u00f8r til nytt faktagrunnlag<\/strong>\u00bb<\/li>\n\n\n\n<li>Se gjennom, er det priser satt p\u00e5 matrise s\u00e5 kommer disse opp, hvis ikke st\u00e5r summen i 0<\/li>\n\n\n\n<li>og du kan redigere inn \u00f8nsket pris.<\/li>\n\n\n\n<li>Samme fremgangsm\u00e5te om det er prosjekt uten prismatrise, systemet henter da priser i<\/li>\n\n\n\n<li>F\u00f8lgende rekkef\u00f8lge:<\/li>\n<\/ul>\n\n\n\n<ol class=\"wp-block-list\">\n<li>Pris p\u00e5 kunde p\u00e5 aktuelle artikler<\/li>\n\n\n\n<li>Pris fra grunndata<\/li>\n\n\n\n<li>Ingen pris satt p\u00e5 kunde eller grunndata blir pris kr 0,- og man legger inn pris manuelt<\/li>\n<\/ol>\n\n\n\n<p>I bl\u00e5 firkant over ordre beskrivelsen i fakturagrunnlaget er det en meny. For \u00e5 f\u00e5 priser fordelt p\u00e5 kj\u00f8ret\u00f8y prosjekt velg \u00ab<strong>automatisk avregning<\/strong>\u00bb, da blir prisene fordelt etter hva som er satt i prismatrise (kj\u00f8ret\u00f8y \/ prosjekt &#8211; Pris \/ Avregning)<\/p>\n\n\n\n<ul class=\"wp-block-list\">\n<li>\u00ab<strong>Fjern linje(r)<\/strong>\u00bb &#8211; om man har f\u00f8rt over feil linjer eller \u00f8nsker \u00e5 justere noe f\u00f8r fakturering. Da f\u00f8rer vi tilbake ordre linjer til Ordre til fakturagrunnlag.<\/li>\n\n\n\n<li>\u00ab<strong>Oppdater priser<\/strong>\u00bb brukes for eksempel n\u00e5r man ikke har lagt inn pris i en matrise, slik at systemet sier kr 0,-. Da kan vi \u00e5pne aktuell prosjektmatrise, legge inn pris og g\u00e5 tilbake til fakturagrunnlaget man jobbet i og trykke \u00aboppdater\u00bb priser. Det vil da hente ny pris til fakturagrunnlaget.<\/li>\n\n\n\n<li>\u00ab<strong>L\u00e5s linjer<\/strong>\u00bb kan brukes om man oppretter et fakturagrunnlag som flere kj\u00f8resedler skal overf\u00f8res til. N\u00e5r seddelen er f\u00f8rt over, velger man L\u00e5s linjer, linjene l\u00e5ses og vi kan lagre grunnlaget til neste seddel som skal samme sted.<\/li>\n\n\n\n<li>For \u00e5 se fakturabilaget, trykk\u00ab<strong>Se fakturabilag<\/strong>\u00bb \u00f8verst i fakturabildet. Dette kan skrives ut eller lagres. N\u00e5r integrasjon mot fakturaprogram er aktiv vil dette bilaget f\u00f8lge med transaksjonen (avhengig av regnskapsprogram).<\/li>\n<\/ul>\n\n\n\n<p><\/p>\n\n\n<div class=\"frm_forms  with_frm_style frm_style_formidable-style\" id=\"frm_form_2_container\" data-token=\"a466ff7dc6d42a2df68f985fe2624bf5\">\n<form enctype=\"multipart\/form-data\" method=\"post\" class=\"frm-show-form \" id=\"form_var-denne-veiledningen-nyttig\" data-token=\"a466ff7dc6d42a2df68f985fe2624bf5\">\n<div class=\"frm_form_fields \">\n<fieldset>\n<legend class=\"frm_screen_reader\">Var denne veiledningen nyttig?<\/legend>\r\n\r\n<div class=\"frm_fields_container\">\n<input type=\"hidden\" name=\"frm_action\" value=\"create\" \/>\n<input type=\"hidden\" name=\"form_id\" value=\"2\" \/>\n<input type=\"hidden\" name=\"frm_hide_fields_2\" id=\"frm_hide_fields_2\" value=\"\" \/>\n<input type=\"hidden\" name=\"form_key\" value=\"var-denne-veiledningen-nyttig\" \/>\n<input type=\"hidden\" name=\"item_meta[0]\" value=\"\" \/>\n<input type=\"hidden\" id=\"frm_submit_entry_2\" name=\"frm_submit_entry_2\" value=\"7f0d8c9539\" \/><input type=\"hidden\" name=\"_wp_http_referer\" value=\"\/index.php?rest_route=%2Fwp%2Fv2%2Fpages%2F1143\" \/><div id=\"frm_field_7_container\" class=\"frm_form_field form-field  frm_top_container vertical_radio\">\r\n    <div  id=\"field_5hpzl_label\" class=\"frm_primary_label\">Var denne veiledningen nyttig?\r\n        <span class=\"frm_required\" aria-hidden=\"true\"><\/span>\r\n    <\/div>\r\n    <div class=\"frm_opt_container\" aria-labelledby=\"field_5hpzl_label\" role=\"radiogroup\">\t\t<div class=\"frm_radio\" id=\"frm_radio_7-0\">\t\t\t<label  for=\"field_5hpzl-0\">\n\t\t\t\t\t<input type=\"radio\" name=\"item_meta[7]\" id=\"field_5hpzl-0\" value=\"Ja\"\n\t\t data-invmsg=\"Var denne veiledningen nyttig? is invalid\"   \/> Ja<\/label><\/div>\n\t\t<div class=\"frm_radio\" id=\"frm_radio_7-1\">\t\t\t<label  for=\"field_5hpzl-1\">\n\t\t\t\t\t<input type=\"radio\" name=\"item_meta[7]\" id=\"field_5hpzl-1\" value=\"Nei\"\n\t\t data-invmsg=\"Var denne veiledningen nyttig? is invalid\"   \/> Nei<\/label><\/div>\n<\/div>\r\n    \r\n    \r\n<\/div>\n<div id=\"frm_field_12_container\" class=\"frm_form_field form-field \">\n\t<div class=\"frm_submit frm_flex\">\r\n<button class=\"frm_button_submit\" type=\"submit\"  >Takk for tilbakemelding<\/button>\r\n\r\n\r\n\r\n<\/div>\n<\/div>\n\t<input type=\"hidden\" name=\"item_key\" value=\"\" \/>\n\t\t\t<div id=\"frm_field_13_container\">\n\t\t\t<label for=\"field_h6lbv\" >\n\t\t\t\tIf you are human, leave this field blank.\t\t\t<\/label>\n\t\t\t<input  id=\"field_h6lbv\" type=\"text\" class=\"frm_form_field form-field frm_verify\" name=\"item_meta[13]\" value=\"\"  \/>\n\t\t<\/div>\n\t\t<input name=\"frm_state\" type=\"hidden\" value=\"L6SFjAD1LrmJVrySNQZesLeRRJtbaS3WyNRrKhxBu28=\" \/><\/div>\n<\/fieldset>\n<\/div>\n\n<p style=\"display: none !important;\" class=\"akismet-fields-container\" data-prefix=\"ak_\"><label>&#916;<textarea name=\"ak_hp_textarea\" cols=\"45\" rows=\"8\" maxlength=\"100\"><\/textarea><\/label><input type=\"hidden\" id=\"ak_js_1\" name=\"ak_js\" value=\"89\"\/><script>document.getElementById( \"ak_js_1\" ).setAttribute( \"value\", ( new Date() ).getTime() );<\/script><\/p><\/form>\n<\/div>\n\n","protected":false},"excerpt":{"rendered":"<p>Overf\u00f8ring til fakturagrunnlag I bl\u00e5 firkant over ordre beskrivelsen i fakturagrunnlaget er det en meny. For \u00e5 f\u00e5 priser fordelt p\u00e5 kj\u00f8ret\u00f8y prosjekt velg \u00abautomatisk avregning\u00bb, da blir prisene fordelt etter hva som er satt i prismatrise (kj\u00f8ret\u00f8y \/ prosjekt &#8211; Pris \/ Avregning)<\/p>\n","protected":false},"author":240207110,"featured_media":0,"parent":0,"menu_order":0,"comment_status":"closed","ping_status":"closed","template":"","meta":{"inline_featured_image":false,"advanced_seo_description":"","jetpack_seo_html_title":"","jetpack_seo_noindex":false,"footnotes":""},"class_list":["post-1143","page","type-page","status-publish","hentry"],"jetpack_shortlink":"https:\/\/wp.me\/Pf9TLW-ir","_links":{"self":[{"href":"https:\/\/kundeservice.admmit.no\/index.php?rest_route=\/wp\/v2\/pages\/1143","targetHints":{"allow":["GET"]}}],"collection":[{"href":"https:\/\/kundeservice.admmit.no\/index.php?rest_route=\/wp\/v2\/pages"}],"about":[{"href":"https:\/\/kundeservice.admmit.no\/index.php?rest_route=\/wp\/v2\/types\/page"}],"author":[{"embeddable":true,"href":"https:\/\/kundeservice.admmit.no\/index.php?rest_route=\/wp\/v2\/users\/240207110"}],"replies":[{"embeddable":true,"href":"https:\/\/kundeservice.admmit.no\/index.php?rest_route=%2Fwp%2Fv2%2Fcomments&post=1143"}],"version-history":[{"count":3,"href":"https:\/\/kundeservice.admmit.no\/index.php?rest_route=\/wp\/v2\/pages\/1143\/revisions"}],"predecessor-version":[{"id":2452,"href":"https:\/\/kundeservice.admmit.no\/index.php?rest_route=\/wp\/v2\/pages\/1143\/revisions\/2452"}],"wp:attachment":[{"href":"https:\/\/kundeservice.admmit.no\/index.php?rest_route=%2Fwp%2Fv2%2Fmedia&parent=1143"}],"curies":[{"name":"wp","href":"https:\/\/api.w.org\/{rel}","templated":true}]}}