{"id":1287,"date":"2024-05-15T08:39:24","date_gmt":"2024-05-15T06:39:24","guid":{"rendered":"https:\/\/kundeservice.admmit.no\/?page_id=1287"},"modified":"2025-01-17T15:43:10","modified_gmt":"2025-01-17T14:43:10","slug":"power-bi","status":"publish","type":"page","link":"https:\/\/kundeservice.admmit.no\/?page_id=1287","title":{"rendered":"Power BI"},"content":{"rendered":"\n<p>Samle data og presenter data fra flere datakilder i AdmMit. Vi sammenstiller data og bygger rapporter p\u00e5 bestilling. <a href=\"https:\/\/kundeservice.admmit.no\/?page_id=1253\" data-type=\"page\" data-id=\"1253\"><mark style=\"background-color:rgba(0, 0, 0, 0)\" class=\"has-inline-color has-vivid-cyan-blue-color\">Ta kontakt<\/mark><\/a> med oss for gjennomgang av muligheter.<\/p>\n\n\n\n<p><\/p>\n\n\n\n<figure class=\"wp-block-image size-large\"><img data-recalc-dims=\"1\" fetchpriority=\"high\" decoding=\"async\" width=\"730\" height=\"411\" data-attachment-id=\"1970\" data-permalink=\"https:\/\/kundeservice.admmit.no\/?attachment_id=1970\" data-orig-file=\"https:\/\/i0.wp.com\/kundeservice.admmit.no\/wp-content\/uploads\/2024\/08\/image-9.png?fit=1561%2C879&amp;ssl=1\" data-orig-size=\"1561,879\" data-comments-opened=\"0\" data-image-meta=\"{&quot;aperture&quot;:&quot;0&quot;,&quot;credit&quot;:&quot;&quot;,&quot;camera&quot;:&quot;&quot;,&quot;caption&quot;:&quot;&quot;,&quot;created_timestamp&quot;:&quot;0&quot;,&quot;copyright&quot;:&quot;&quot;,&quot;focal_length&quot;:&quot;0&quot;,&quot;iso&quot;:&quot;0&quot;,&quot;shutter_speed&quot;:&quot;0&quot;,&quot;title&quot;:&quot;&quot;,&quot;orientation&quot;:&quot;0&quot;}\" data-image-title=\"image\" data-image-description=\"\" data-image-caption=\"\" data-large-file=\"https:\/\/i0.wp.com\/kundeservice.admmit.no\/wp-content\/uploads\/2024\/08\/image-9.png?fit=730%2C411&amp;ssl=1\" src=\"https:\/\/i0.wp.com\/kundeservice.admmit.no\/wp-content\/uploads\/2024\/08\/image-9.png?resize=730%2C411&#038;ssl=1\" alt=\"\" class=\"wp-image-1970\" srcset=\"https:\/\/i0.wp.com\/kundeservice.admmit.no\/wp-content\/uploads\/2024\/08\/image-9.png?resize=1024%2C577&amp;ssl=1 1024w, https:\/\/i0.wp.com\/kundeservice.admmit.no\/wp-content\/uploads\/2024\/08\/image-9.png?resize=300%2C169&amp;ssl=1 300w, https:\/\/i0.wp.com\/kundeservice.admmit.no\/wp-content\/uploads\/2024\/08\/image-9.png?resize=768%2C432&amp;ssl=1 768w, https:\/\/i0.wp.com\/kundeservice.admmit.no\/wp-content\/uploads\/2024\/08\/image-9.png?resize=1536%2C865&amp;ssl=1 1536w, https:\/\/i0.wp.com\/kundeservice.admmit.no\/wp-content\/uploads\/2024\/08\/image-9.png?resize=1200%2C676&amp;ssl=1 1200w, https:\/\/i0.wp.com\/kundeservice.admmit.no\/wp-content\/uploads\/2024\/08\/image-9.png?resize=900%2C507&amp;ssl=1 900w, https:\/\/i0.wp.com\/kundeservice.admmit.no\/wp-content\/uploads\/2024\/08\/image-9.png?resize=260%2C146&amp;ssl=1 260w, https:\/\/i0.wp.com\/kundeservice.admmit.no\/wp-content\/uploads\/2024\/08\/image-9.png?w=1561&amp;ssl=1 1561w, https:\/\/i0.wp.com\/kundeservice.admmit.no\/wp-content\/uploads\/2024\/08\/image-9.png?w=1460&amp;ssl=1 1460w\" sizes=\"(max-width: 730px) 100vw, 730px\" \/><\/figure>\n\n\n\n<p>Vi kan ogs\u00e5 eksportere data ut fra AdmMit til eksterne systemer. Vi sender data fra AdmMit til en SQL database som vi kan \u00e5pne for tilkobling. <a href=\"https:\/\/kundeservice.admmit.no\/?page_id=1253\" data-type=\"page\" data-id=\"1253\"><mark style=\"background-color:rgba(0, 0, 0, 0)\" class=\"has-inline-color has-vivid-cyan-blue-color\">Ta kontakt<\/mark><\/a> for muligheter for eksport.<\/p>\n\n\n<div class=\"frm_forms  with_frm_style frm_style_formidable-style\" id=\"frm_form_2_container\" data-token=\"bf88fd698600dd4acb02bed4ab0b2907\">\n<form enctype=\"multipart\/form-data\" method=\"post\" class=\"frm-show-form \" id=\"form_var-denne-veiledningen-nyttig\" data-token=\"bf88fd698600dd4acb02bed4ab0b2907\">\n<div class=\"frm_form_fields \">\n<fieldset>\n<legend class=\"frm_screen_reader\">Var denne veiledningen nyttig?<\/legend>\r\n\r\n<div class=\"frm_fields_container\">\n<input type=\"hidden\" name=\"frm_action\" value=\"create\" \/>\n<input type=\"hidden\" name=\"form_id\" value=\"2\" \/>\n<input type=\"hidden\" name=\"frm_hide_fields_2\" id=\"frm_hide_fields_2\" value=\"\" \/>\n<input type=\"hidden\" name=\"form_key\" value=\"var-denne-veiledningen-nyttig\" \/>\n<input type=\"hidden\" name=\"item_meta[0]\" value=\"\" \/>\n<input type=\"hidden\" id=\"frm_submit_entry_2\" name=\"frm_submit_entry_2\" value=\"90675e2ff2\" \/><input type=\"hidden\" name=\"_wp_http_referer\" value=\"\/index.php?rest_route=%2Fwp%2Fv2%2Fpages%2F1287\" \/><div id=\"frm_field_7_container\" class=\"frm_form_field form-field  frm_top_container vertical_radio\">\r\n    <div  id=\"field_5hpzl_label\" class=\"frm_primary_label\">Var denne veiledningen nyttig?\r\n        <span class=\"frm_required\" aria-hidden=\"true\"><\/span>\r\n    <\/div>\r\n    <div class=\"frm_opt_container\" aria-labelledby=\"field_5hpzl_label\" role=\"radiogroup\">\t\t<div class=\"frm_radio\" id=\"frm_radio_7-0\">\t\t\t<label  for=\"field_5hpzl-0\">\n\t\t\t\t\t<input type=\"radio\" name=\"item_meta[7]\" id=\"field_5hpzl-0\" value=\"Ja\"\n\t\t data-invmsg=\"Var denne veiledningen nyttig? is invalid\"   \/> Ja<\/label><\/div>\n\t\t<div class=\"frm_radio\" id=\"frm_radio_7-1\">\t\t\t<label  for=\"field_5hpzl-1\">\n\t\t\t\t\t<input type=\"radio\" name=\"item_meta[7]\" id=\"field_5hpzl-1\" value=\"Nei\"\n\t\t data-invmsg=\"Var denne veiledningen nyttig? is invalid\"   \/> Nei<\/label><\/div>\n<\/div>\r\n    \r\n    \r\n<\/div>\n<div id=\"frm_field_12_container\" class=\"frm_form_field form-field \">\n\t<div class=\"frm_submit frm_flex\">\r\n<button class=\"frm_button_submit\" type=\"submit\"  >Takk for tilbakemelding<\/button>\r\n\r\n\r\n\r\n<\/div>\n<\/div>\n\t<input type=\"hidden\" name=\"item_key\" value=\"\" \/>\n\t\t\t<div id=\"frm_field_13_container\">\n\t\t\t<label for=\"field_2mtjb\" >\n\t\t\t\tIf you are human, leave this field blank.\t\t\t<\/label>\n\t\t\t<input  id=\"field_2mtjb\" type=\"text\" class=\"frm_form_field form-field frm_verify\" name=\"item_meta[13]\" value=\"\"  \/>\n\t\t<\/div>\n\t\t<input name=\"frm_state\" type=\"hidden\" value=\"L6SFjAD1LrmJVrySNQZesLeRRJtbaS3WyNRrKhxBu28=\" \/><\/div>\n<\/fieldset>\n<\/div>\n\n<p style=\"display: none !important;\" class=\"akismet-fields-container\" data-prefix=\"ak_\"><label>&#916;<textarea name=\"ak_hp_textarea\" cols=\"45\" rows=\"8\" maxlength=\"100\"><\/textarea><\/label><input type=\"hidden\" id=\"ak_js_1\" name=\"ak_js\" value=\"205\"\/><script>document.getElementById( \"ak_js_1\" ).setAttribute( \"value\", ( new Date() ).getTime() );<\/script><\/p><\/form>\n<\/div>\n\n","protected":false},"excerpt":{"rendered":"<p>Samle data og presenter data fra flere datakilder i AdmMit. Vi sammenstiller data og bygger rapporter p\u00e5 bestilling. Ta kontakt med oss for gjennomgang av muligheter. Vi kan ogs\u00e5 eksportere data ut fra AdmMit til eksterne systemer. Vi sender data fra AdmMit til en SQL database som vi kan \u00e5pne for tilkobling. Ta kontakt for&hellip; <a href=\"https:\/\/kundeservice.admmit.no\/?page_id=1287\" class=\"more-link\">Continue reading <span class=\"screen-reader-text\">Power BI<\/span><\/a><\/p>\n","protected":false},"author":240207110,"featured_media":0,"parent":0,"menu_order":0,"comment_status":"closed","ping_status":"closed","template":"","meta":{"inline_featured_image":false,"advanced_seo_description":"","jetpack_seo_html_title":"","jetpack_seo_noindex":false,"footnotes":""},"class_list":["post-1287","page","type-page","status-publish","hentry"],"jetpack_shortlink":"https:\/\/wp.me\/Pf9TLW-kL","_links":{"self":[{"href":"https:\/\/kundeservice.admmit.no\/index.php?rest_route=\/wp\/v2\/pages\/1287","targetHints":{"allow":["GET"]}}],"collection":[{"href":"https:\/\/kundeservice.admmit.no\/index.php?rest_route=\/wp\/v2\/pages"}],"about":[{"href":"https:\/\/kundeservice.admmit.no\/index.php?rest_route=\/wp\/v2\/types\/page"}],"author":[{"embeddable":true,"href":"https:\/\/kundeservice.admmit.no\/index.php?rest_route=\/wp\/v2\/users\/240207110"}],"replies":[{"embeddable":true,"href":"https:\/\/kundeservice.admmit.no\/index.php?rest_route=%2Fwp%2Fv2%2Fcomments&post=1287"}],"version-history":[{"count":6,"href":"https:\/\/kundeservice.admmit.no\/index.php?rest_route=\/wp\/v2\/pages\/1287\/revisions"}],"predecessor-version":[{"id":2366,"href":"https:\/\/kundeservice.admmit.no\/index.php?rest_route=\/wp\/v2\/pages\/1287\/revisions\/2366"}],"wp:attachment":[{"href":"https:\/\/kundeservice.admmit.no\/index.php?rest_route=%2Fwp%2Fv2%2Fmedia&parent=1287"}],"curies":[{"name":"wp","href":"https:\/\/api.w.org\/{rel}","templated":true}]}}