{"id":1309,"date":"2024-05-15T08:51:10","date_gmt":"2024-05-15T06:51:10","guid":{"rendered":"https:\/\/kundeservice.admmit.no\/?page_id=1309"},"modified":"2024-05-22T14:27:07","modified_gmt":"2024-05-22T12:27:07","slug":"fravaer","status":"publish","type":"page","link":"https:\/\/kundeservice.admmit.no\/?page_id=1309","title":{"rendered":"Frav\u00e6r"},"content":{"rendered":"\t<div\n\t\tclass=\"wp-block-newspack-blocks-homepage-articles is-style-borders wpnbha ts-4 show-category is-style-borders has-text-align-left\"\n\t\tstyle=\"\"\n\t\t>\n\t\t\t\t\t<style id=\"newspack-blocks-inline-css\" type=\"text\/css\">\t\t.wp-block-newspack-blocks-homepage-articles article .entry-title {\n\t\t\tfont-size: 1.2em;\n\t\t}\n\t\t.wp-block-newspack-blocks-homepage-articles .entry-meta {\n\t\t\tdisplay: flex;\n\t\t\tflex-wrap: wrap;\n\t\t\talign-items: center;\n\t\t\tmargin-top: 0.5em;\n\t\t}\n\t\t.wp-block-newspack-blocks-homepage-articles article .entry-meta {\n\t\t\tfont-size: 0.8em;\n\t\t}\n\t\t.wp-block-newspack-blocks-homepage-articles article .avatar {\n\t\t\theight: 25px;\n\t\t\twidth: 25px;\n\t\t}\n\t\t.wp-block-newspack-blocks-homepage-articles .post-thumbnail{\n\t\t\tmargin: 0;\n\t\t\tmargin-bottom: 0.25em;\n\t\t}\n\t\t.wp-block-newspack-blocks-homepage-articles .post-thumbnail img {\n\t\t\theight: auto;\n\t\t\twidth: 100%;\n\t\t}\n\t\t.wp-block-newspack-blocks-homepage-articles .post-thumbnail figcaption {\n\t\t\tmargin-bottom: 0.5em;\n\t\t}\n\t\t.wp-block-newspack-blocks-homepage-articles p {\n\t\t\tmargin: 0.5em 0;\n\t\t}\n\n\t\t\t<\/style>\n\t\t\t\t<div data-posts data-current-post-id=\"1309\">\n\t\t\t\t\t\t\t<h2 class=\"article-section-title\">\n\t\t\t\t\t<span>Relevante artikler<\/span>\n\t\t\t\t<\/h2>\n\t\t\t\t\t\t\n\t<article data-post-id=\"412\"\n\t\tclass=\"type-page\"\n\t\t\t\t>\n\t\t\t\t\n\t\t<div class=\"entry-wrapper\">\n\t\t\t\n\t\t\t\t<div class=\"cat-links \">\n\t\t\t\t\t\t\t\t\t<\/div>\n\t\t\t\t<h3 class=\"entry-title\"><a href=\"https:\/\/kundeservice.admmit.no\/?page_id=412\" rel=\"bookmark\">Registrere frav\u00e6r<\/a><\/h3>\t\t\t\t\t\t<p>N\u00e5r aktuelt frav\u00e6r er valgt klikker du p\u00e5 \u201cStart utfylling skjema\u00bb. (skjema forutsetter HMSK-modul) Fyll ut n\u00f8dvendige felt i skjemaet og trykk \u00abStart innsending\u00bb. Du vil s\u00e5 f\u00e5 beskjed om\u2026<\/p>\n\t\t<\/div><!-- .entry-wrapper -->\n\t<\/article>\n\n\t\t\n\t<article data-post-id=\"660\"\n\t\tclass=\"type-page\"\n\t\t\t\t>\n\t\t\t\t\n\t\t<div class=\"entry-wrapper\">\n\t\t\t\n\t\t\t\t<div class=\"cat-links \">\n\t\t\t\t\t\t\t\t\t<\/div>\n\t\t\t\t<h3 class=\"entry-title\"><a href=\"https:\/\/kundeservice.admmit.no\/?page_id=660\" rel=\"bookmark\">Oversikt frav\u00e6rstype<\/a><\/h3>\t\t\t\t\t\t<p>Ditt frav\u00e6r er tilgjengelig fra din profil. Trykk p\u00e5 person-ikonet oppe i h\u00f8yre hj\u00f8rne og velg \u00abMin profil\u00bb. Her vil du finne tre arkfaner som gjelder frav\u00e6r. Hvis en ledere\u2026<\/p>\n\t\t<\/div><!-- .entry-wrapper -->\n\t<\/article>\n\n\t\t\n\t<article data-post-id=\"662\"\n\t\tclass=\"type-page\"\n\t\t\t\t>\n\t\t\t\t\n\t\t<div class=\"entry-wrapper\">\n\t\t\t\n\t\t\t\t<div class=\"cat-links \">\n\t\t\t\t\t\t\t\t\t<\/div>\n\t\t\t\t<h3 class=\"entry-title\"><a href=\"https:\/\/kundeservice.admmit.no\/?page_id=662\" rel=\"bookmark\">Behandle frav\u00e6r<\/a><\/h3>\t\t\t\t\t\t<p>N\u00e5r en ansatt sender inn et frav\u00e6rskjema (egenmelding, permisjon eller sykdom) vil du f\u00e5 en melding om at skjema er innlevert av X ansatt. Du har ogs\u00e5 oversikt over frav\u00e6r\u2026<\/p>\n\t\t<\/div><!-- .entry-wrapper -->\n\t<\/article>\n\n\t\t\t\t<\/div>\n\t\t\n\t<\/div>\n\t","protected":false},"excerpt":{"rendered":"","protected":false},"author":240207110,"featured_media":0,"parent":0,"menu_order":0,"comment_status":"closed","ping_status":"closed","template":"","meta":{"inline_featured_image":false,"advanced_seo_description":"","jetpack_seo_html_title":"","jetpack_seo_noindex":false,"footnotes":""},"class_list":["post-1309","page","type-page","status-publish","hentry"],"jetpack_shortlink":"https:\/\/wp.me\/Pf9TLW-l7","_links":{"self":[{"href":"https:\/\/kundeservice.admmit.no\/index.php?rest_route=\/wp\/v2\/pages\/1309","targetHints":{"allow":["GET"]}}],"collection":[{"href":"https:\/\/kundeservice.admmit.no\/index.php?rest_route=\/wp\/v2\/pages"}],"about":[{"href":"https:\/\/kundeservice.admmit.no\/index.php?rest_route=\/wp\/v2\/types\/page"}],"author":[{"embeddable":true,"href":"https:\/\/kundeservice.admmit.no\/index.php?rest_route=\/wp\/v2\/users\/240207110"}],"replies":[{"embeddable":true,"href":"https:\/\/kundeservice.admmit.no\/index.php?rest_route=%2Fwp%2Fv2%2Fcomments&post=1309"}],"version-history":[{"count":2,"href":"https:\/\/kundeservice.admmit.no\/index.php?rest_route=\/wp\/v2\/pages\/1309\/revisions"}],"predecessor-version":[{"id":1469,"href":"https:\/\/kundeservice.admmit.no\/index.php?rest_route=\/wp\/v2\/pages\/1309\/revisions\/1469"}],"wp:attachment":[{"href":"https:\/\/kundeservice.admmit.no\/index.php?rest_route=%2Fwp%2Fv2%2Fmedia&parent=1309"}],"curies":[{"name":"wp","href":"https:\/\/api.w.org\/{rel}","templated":true}]}}