{"id":1327,"date":"2024-05-15T09:22:46","date_gmt":"2024-05-15T07:22:46","guid":{"rendered":"https:\/\/kundeservice.admmit.no\/?page_id=1327"},"modified":"2024-08-16T10:59:07","modified_gmt":"2024-08-16T08:59:07","slug":"introduksjon-som-ansatt","status":"publish","type":"page","link":"https:\/\/kundeservice.admmit.no\/?page_id=1327","title":{"rendered":"Introduksjon som ansatt"},"content":{"rendered":"\n<p>Velkommen til AdmMit! Basert p\u00e5 hvilke moduler din bedrift har tatt i bruk hos oss, vil du f\u00e5 ulike muligheter og funksjonalitet i AdmMit!<\/p>\n\n\n\n<p>Er du usikker p\u00e5 om hvordan du bruker AdmMit, anbefaler vi at du tar en prat med din leder i forkant av innlogging. <\/p>\n\n\n\n<p><strong>F\u00f8rste innlogging:<\/strong> Du mottar en SMS med lenke til ditt unike \u201c<strong>firmanavn<\/strong>.admmit.no\/\u201d hvor du kan opprette nytt passord. Brukernavn f\u00e5r du av din bedrift. <\/p>\n\n\n\n<p>Til neste gang kan det v\u00e6re lurt \u00e5 merke seg nettadressen din, den er nemlig unik og ser ofte slik ut: \u201c<strong>firmanavn.admmit.no\/<\/strong>\u201d. <br>Husk \u00e5 endre \u201c<strong>firmanavn<\/strong>\u201d til din unike adresse \ud83d\ude09<br><br>Riktig underdomene st\u00e5r ogs\u00e5 i SMS som du f\u00e5r tilsendt for \u00e5 sette passord.<\/p>\n\n\n\n<p><strong>Steg for steg guide:<\/strong><\/p>\n\n\n\n<div class=\"wp-block-columns is-layout-flex wp-container-core-columns-is-layout-9d6595d7 wp-block-columns-is-layout-flex\">\n<div class=\"wp-block-column is-layout-flow wp-block-column-is-layout-flow\">\n<div class=\"wp-block-columns is-layout-flex wp-container-core-columns-is-layout-9d6595d7 wp-block-columns-is-layout-flex\">\n<div class=\"wp-block-column is-layout-flow wp-block-column-is-layout-flow\">\n<figure class=\"wp-block-image size-full\"><img data-recalc-dims=\"1\" fetchpriority=\"high\" decoding=\"async\" width=\"296\" height=\"320\" data-attachment-id=\"808\" data-permalink=\"https:\/\/kundeservice.admmit.no\/?attachment_id=808\" data-orig-file=\"https:\/\/i0.wp.com\/kundeservice.admmit.no\/wp-content\/uploads\/2024\/02\/1.png?fit=296%2C320&amp;ssl=1\" data-orig-size=\"296,320\" data-comments-opened=\"0\" data-image-meta=\"{&quot;aperture&quot;:&quot;0&quot;,&quot;credit&quot;:&quot;&quot;,&quot;camera&quot;:&quot;&quot;,&quot;caption&quot;:&quot;&quot;,&quot;created_timestamp&quot;:&quot;0&quot;,&quot;copyright&quot;:&quot;&quot;,&quot;focal_length&quot;:&quot;0&quot;,&quot;iso&quot;:&quot;0&quot;,&quot;shutter_speed&quot;:&quot;0&quot;,&quot;title&quot;:&quot;&quot;,&quot;orientation&quot;:&quot;0&quot;}\" data-image-title=\"1\" data-image-description=\"\" data-image-caption=\"\" data-large-file=\"https:\/\/i0.wp.com\/kundeservice.admmit.no\/wp-content\/uploads\/2024\/02\/1.png?fit=296%2C320&amp;ssl=1\" src=\"https:\/\/i0.wp.com\/kundeservice.admmit.no\/wp-content\/uploads\/2024\/02\/1.png?resize=296%2C320&#038;ssl=1\" alt=\"\" class=\"wp-image-808\" srcset=\"https:\/\/i0.wp.com\/kundeservice.admmit.no\/wp-content\/uploads\/2024\/02\/1.png?w=296&amp;ssl=1 296w, https:\/\/i0.wp.com\/kundeservice.admmit.no\/wp-content\/uploads\/2024\/02\/1.png?resize=278%2C300&amp;ssl=1 278w, https:\/\/i0.wp.com\/kundeservice.admmit.no\/wp-content\/uploads\/2024\/02\/1.png?resize=241%2C260&amp;ssl=1 241w\" sizes=\"(max-width: 296px) 100vw, 296px\" \/><\/figure>\n\n\n\n<p>1. Trykk p\u00e5 mottatt link fra SMS<\/p>\n<\/div>\n\n\n\n<div class=\"wp-block-column is-layout-flow wp-block-column-is-layout-flow\">\n<figure class=\"wp-block-image size-full\"><img data-recalc-dims=\"1\" decoding=\"async\" width=\"296\" height=\"320\" data-attachment-id=\"809\" data-permalink=\"https:\/\/kundeservice.admmit.no\/?attachment_id=809\" data-orig-file=\"https:\/\/i0.wp.com\/kundeservice.admmit.no\/wp-content\/uploads\/2024\/02\/2.png?fit=296%2C320&amp;ssl=1\" data-orig-size=\"296,320\" data-comments-opened=\"0\" data-image-meta=\"{&quot;aperture&quot;:&quot;0&quot;,&quot;credit&quot;:&quot;&quot;,&quot;camera&quot;:&quot;&quot;,&quot;caption&quot;:&quot;&quot;,&quot;created_timestamp&quot;:&quot;0&quot;,&quot;copyright&quot;:&quot;&quot;,&quot;focal_length&quot;:&quot;0&quot;,&quot;iso&quot;:&quot;0&quot;,&quot;shutter_speed&quot;:&quot;0&quot;,&quot;title&quot;:&quot;&quot;,&quot;orientation&quot;:&quot;0&quot;}\" data-image-title=\"2\" data-image-description=\"\" data-image-caption=\"\" data-large-file=\"https:\/\/i0.wp.com\/kundeservice.admmit.no\/wp-content\/uploads\/2024\/02\/2.png?fit=296%2C320&amp;ssl=1\" src=\"https:\/\/i0.wp.com\/kundeservice.admmit.no\/wp-content\/uploads\/2024\/02\/2.png?resize=296%2C320&#038;ssl=1\" alt=\"\" class=\"wp-image-809\" srcset=\"https:\/\/i0.wp.com\/kundeservice.admmit.no\/wp-content\/uploads\/2024\/02\/2.png?w=296&amp;ssl=1 296w, https:\/\/i0.wp.com\/kundeservice.admmit.no\/wp-content\/uploads\/2024\/02\/2.png?resize=278%2C300&amp;ssl=1 278w, https:\/\/i0.wp.com\/kundeservice.admmit.no\/wp-content\/uploads\/2024\/02\/2.png?resize=241%2C260&amp;ssl=1 241w\" sizes=\"(max-width: 296px) 100vw, 296px\" \/><\/figure>\n\n\n\n<p>2. Lag nytt passord<\/p>\n<\/div>\n<\/div>\n<\/div>\n\n\n\n<div class=\"wp-block-column is-layout-flow wp-block-column-is-layout-flow\">\n<div class=\"wp-block-columns is-layout-flex wp-container-core-columns-is-layout-9d6595d7 wp-block-columns-is-layout-flex\">\n<div class=\"wp-block-column is-layout-flow wp-block-column-is-layout-flow\">\n<figure class=\"wp-block-image size-full\"><img data-recalc-dims=\"1\" decoding=\"async\" width=\"296\" height=\"320\" data-attachment-id=\"810\" data-permalink=\"https:\/\/kundeservice.admmit.no\/?attachment_id=810\" data-orig-file=\"https:\/\/i0.wp.com\/kundeservice.admmit.no\/wp-content\/uploads\/2024\/02\/3.png?fit=296%2C320&amp;ssl=1\" data-orig-size=\"296,320\" data-comments-opened=\"0\" data-image-meta=\"{&quot;aperture&quot;:&quot;0&quot;,&quot;credit&quot;:&quot;&quot;,&quot;camera&quot;:&quot;&quot;,&quot;caption&quot;:&quot;&quot;,&quot;created_timestamp&quot;:&quot;0&quot;,&quot;copyright&quot;:&quot;&quot;,&quot;focal_length&quot;:&quot;0&quot;,&quot;iso&quot;:&quot;0&quot;,&quot;shutter_speed&quot;:&quot;0&quot;,&quot;title&quot;:&quot;&quot;,&quot;orientation&quot;:&quot;0&quot;}\" data-image-title=\"3\" data-image-description=\"\" data-image-caption=\"\" data-large-file=\"https:\/\/i0.wp.com\/kundeservice.admmit.no\/wp-content\/uploads\/2024\/02\/3.png?fit=296%2C320&amp;ssl=1\" src=\"https:\/\/i0.wp.com\/kundeservice.admmit.no\/wp-content\/uploads\/2024\/02\/3.png?resize=296%2C320&#038;ssl=1\" alt=\"\" class=\"wp-image-810\" srcset=\"https:\/\/i0.wp.com\/kundeservice.admmit.no\/wp-content\/uploads\/2024\/02\/3.png?w=296&amp;ssl=1 296w, https:\/\/i0.wp.com\/kundeservice.admmit.no\/wp-content\/uploads\/2024\/02\/3.png?resize=278%2C300&amp;ssl=1 278w, https:\/\/i0.wp.com\/kundeservice.admmit.no\/wp-content\/uploads\/2024\/02\/3.png?resize=241%2C260&amp;ssl=1 241w\" sizes=\"(max-width: 296px) 100vw, 296px\" \/><\/figure>\n\n\n\n<p>3. Logg inn med telefon nummer og nytt passord<\/p>\n<\/div>\n\n\n\n<div class=\"wp-block-column is-layout-flow wp-block-column-is-layout-flow\">\n<figure class=\"wp-block-image size-full\"><img data-recalc-dims=\"1\" loading=\"lazy\" decoding=\"async\" width=\"296\" height=\"320\" data-attachment-id=\"812\" data-permalink=\"https:\/\/kundeservice.admmit.no\/?attachment_id=812\" data-orig-file=\"https:\/\/i0.wp.com\/kundeservice.admmit.no\/wp-content\/uploads\/2024\/02\/4.png?fit=296%2C320&amp;ssl=1\" data-orig-size=\"296,320\" data-comments-opened=\"0\" data-image-meta=\"{&quot;aperture&quot;:&quot;0&quot;,&quot;credit&quot;:&quot;&quot;,&quot;camera&quot;:&quot;&quot;,&quot;caption&quot;:&quot;&quot;,&quot;created_timestamp&quot;:&quot;0&quot;,&quot;copyright&quot;:&quot;&quot;,&quot;focal_length&quot;:&quot;0&quot;,&quot;iso&quot;:&quot;0&quot;,&quot;shutter_speed&quot;:&quot;0&quot;,&quot;title&quot;:&quot;&quot;,&quot;orientation&quot;:&quot;0&quot;}\" data-image-title=\"4\" data-image-description=\"\" data-image-caption=\"\" data-large-file=\"https:\/\/i0.wp.com\/kundeservice.admmit.no\/wp-content\/uploads\/2024\/02\/4.png?fit=296%2C320&amp;ssl=1\" src=\"https:\/\/i0.wp.com\/kundeservice.admmit.no\/wp-content\/uploads\/2024\/02\/4.png?resize=296%2C320&#038;ssl=1\" alt=\"\" class=\"wp-image-812\" srcset=\"https:\/\/i0.wp.com\/kundeservice.admmit.no\/wp-content\/uploads\/2024\/02\/4.png?w=296&amp;ssl=1 296w, https:\/\/i0.wp.com\/kundeservice.admmit.no\/wp-content\/uploads\/2024\/02\/4.png?resize=278%2C300&amp;ssl=1 278w, https:\/\/i0.wp.com\/kundeservice.admmit.no\/wp-content\/uploads\/2024\/02\/4.png?resize=241%2C260&amp;ssl=1 241w\" sizes=\"(max-width: 296px) 100vw, 296px\" \/><\/figure>\n\n\n\n<p>4. Velkommen til din hjemmeside<\/p>\n<\/div>\n<\/div>\n<\/div>\n<\/div>\n\n\n\n<p>N\u00e5r du har f\u00e5tt logget deg inn kan det v\u00e6re lurt \u00e5 lage seg en <a href=\"https:\/\/kundeservice.admmit.no\/?page_id=1437\" data-type=\"page\" data-id=\"1437\"><mark style=\"background-color:rgba(0, 0, 0, 0)\" class=\"has-inline-color has-vivid-cyan-blue-color\">snarvei til din bedriftside<\/mark><\/a> p\u00e5 mobilen din, da f\u00e5r du rask og enkel tilgang til AdmMit.<\/p>\n\n\n\n<p><\/p>\n\n\n<div class=\"frm_forms  with_frm_style frm_style_formidable-style\" id=\"frm_form_2_container\" data-token=\"9b9ce3745155fc0584e49e472b05f523\">\n<form enctype=\"multipart\/form-data\" method=\"post\" class=\"frm-show-form \" id=\"form_var-denne-veiledningen-nyttig\" data-token=\"9b9ce3745155fc0584e49e472b05f523\">\n<div class=\"frm_form_fields \">\n<fieldset>\n<legend class=\"frm_screen_reader\">Var denne veiledningen nyttig?<\/legend>\r\n\r\n<div class=\"frm_fields_container\">\n<input type=\"hidden\" name=\"frm_action\" value=\"create\" \/>\n<input type=\"hidden\" name=\"form_id\" value=\"2\" \/>\n<input type=\"hidden\" name=\"frm_hide_fields_2\" id=\"frm_hide_fields_2\" value=\"\" \/>\n<input type=\"hidden\" name=\"form_key\" value=\"var-denne-veiledningen-nyttig\" \/>\n<input type=\"hidden\" name=\"item_meta[0]\" value=\"\" \/>\n<input type=\"hidden\" id=\"frm_submit_entry_2\" name=\"frm_submit_entry_2\" value=\"eb6f152a12\" \/><input type=\"hidden\" name=\"_wp_http_referer\" value=\"\/index.php?rest_route=%2Fwp%2Fv2%2Fpages%2F1327\" \/><div id=\"frm_field_7_container\" class=\"frm_form_field form-field  frm_top_container vertical_radio\">\r\n    <div  id=\"field_5hpzl_label\" class=\"frm_primary_label\">Var denne veiledningen nyttig?\r\n        <span class=\"frm_required\" aria-hidden=\"true\"><\/span>\r\n    <\/div>\r\n    <div class=\"frm_opt_container\" aria-labelledby=\"field_5hpzl_label\" role=\"radiogroup\">\t\t<div class=\"frm_radio\" id=\"frm_radio_7-0\">\t\t\t<label  for=\"field_5hpzl-0\">\n\t\t\t\t\t<input type=\"radio\" name=\"item_meta[7]\" id=\"field_5hpzl-0\" value=\"Ja\"\n\t\t data-invmsg=\"Var denne veiledningen nyttig? is invalid\"   \/> Ja<\/label><\/div>\n\t\t<div class=\"frm_radio\" id=\"frm_radio_7-1\">\t\t\t<label  for=\"field_5hpzl-1\">\n\t\t\t\t\t<input type=\"radio\" name=\"item_meta[7]\" id=\"field_5hpzl-1\" value=\"Nei\"\n\t\t data-invmsg=\"Var denne veiledningen nyttig? is invalid\"   \/> Nei<\/label><\/div>\n<\/div>\r\n    \r\n    \r\n<\/div>\n<div id=\"frm_field_12_container\" class=\"frm_form_field form-field \">\n\t<div class=\"frm_submit frm_flex\">\r\n<button class=\"frm_button_submit\" type=\"submit\"  >Takk for tilbakemelding<\/button>\r\n\r\n\r\n\r\n<\/div>\n<\/div>\n\t<input type=\"hidden\" name=\"item_key\" value=\"\" \/>\n\t\t\t<div id=\"frm_field_13_container\">\n\t\t\t<label for=\"field_8kun9\" >\n\t\t\t\tIf you are human, leave this field blank.\t\t\t<\/label>\n\t\t\t<input  id=\"field_8kun9\" type=\"text\" class=\"frm_form_field form-field frm_verify\" name=\"item_meta[13]\" value=\"\"  \/>\n\t\t<\/div>\n\t\t<input name=\"frm_state\" type=\"hidden\" value=\"L6SFjAD1LrmJVrySNQZesLeRRJtbaS3WyNRrKhxBu28=\" \/><\/div>\n<\/fieldset>\n<\/div>\n\n<p style=\"display: none !important;\" class=\"akismet-fields-container\" data-prefix=\"ak_\"><label>&#916;<textarea name=\"ak_hp_textarea\" cols=\"45\" rows=\"8\" maxlength=\"100\"><\/textarea><\/label><input type=\"hidden\" id=\"ak_js_1\" name=\"ak_js\" value=\"42\"\/><script>document.getElementById( \"ak_js_1\" ).setAttribute( \"value\", ( new Date() ).getTime() );<\/script><\/p><\/form>\n<\/div>\n\n\n\n\n<div style=\"height:40px\" aria-hidden=\"true\" class=\"wp-block-spacer\"><\/div>\n\n\n\t<div\n\t\tclass=\"wp-block-newspack-blocks-homepage-articles is-style-borders wpnbha ts-4 show-category is-style-borders has-text-align-left\"\n\t\tstyle=\"\"\n\t\t>\n\t\t\t\t\t<style id=\"newspack-blocks-inline-css\" type=\"text\/css\">\t\t.wp-block-newspack-blocks-homepage-articles article .entry-title {\n\t\t\tfont-size: 1.2em;\n\t\t}\n\t\t.wp-block-newspack-blocks-homepage-articles .entry-meta {\n\t\t\tdisplay: flex;\n\t\t\tflex-wrap: wrap;\n\t\t\talign-items: center;\n\t\t\tmargin-top: 0.5em;\n\t\t}\n\t\t.wp-block-newspack-blocks-homepage-articles article .entry-meta {\n\t\t\tfont-size: 0.8em;\n\t\t}\n\t\t.wp-block-newspack-blocks-homepage-articles article .avatar {\n\t\t\theight: 25px;\n\t\t\twidth: 25px;\n\t\t}\n\t\t.wp-block-newspack-blocks-homepage-articles .post-thumbnail{\n\t\t\tmargin: 0;\n\t\t\tmargin-bottom: 0.25em;\n\t\t}\n\t\t.wp-block-newspack-blocks-homepage-articles .post-thumbnail img {\n\t\t\theight: auto;\n\t\t\twidth: 100%;\n\t\t}\n\t\t.wp-block-newspack-blocks-homepage-articles .post-thumbnail figcaption {\n\t\t\tmargin-bottom: 0.5em;\n\t\t}\n\t\t.wp-block-newspack-blocks-homepage-articles p {\n\t\t\tmargin: 0.5em 0;\n\t\t}\n\n\t\t\t<\/style>\n\t\t\t\t<div data-posts data-current-post-id=\"1327\">\n\t\t\t\t\t\t\t<h2 class=\"article-section-title\">\n\t\t\t\t\t<span>Relevante artikler<\/span>\n\t\t\t\t<\/h2>\n\t\t\t\t\t\t\n\t<article data-post-id=\"369\"\n\t\tclass=\"type-page\"\n\t\t\t\t>\n\t\t\t\t\n\t\t<div class=\"entry-wrapper\">\n\t\t\t\n\t\t\t\t<div class=\"cat-links \">\n\t\t\t\t\t\t\t\t\t<\/div>\n\t\t\t\t<h3 class=\"entry-title\"><a href=\"https:\/\/kundeservice.admmit.no\/?page_id=369\" rel=\"bookmark\">Min profil &#8211; ansatte<\/a><\/h3>\t\t\t\t\t\t<p>\u00d8verst til h\u00f8yre finner du knappen med person-ikonet, her kan du administrere din profil, velge spr\u00e5k og logge ut. Under \u201cMin profil\u201d f\u00e5r du oversikt over frav\u00e6r, kompetanse og brudd.\u2026<\/p>\n\t\t<\/div><!-- .entry-wrapper -->\n\t<\/article>\n\n\t\t\n\t<article data-post-id=\"1381\"\n\t\tclass=\"type-page\"\n\t\t\t\t>\n\t\t\t\t\n\t\t<div class=\"entry-wrapper\">\n\t\t\t\n\t\t\t\t<div class=\"cat-links \">\n\t\t\t\t\t\t\t\t\t<\/div>\n\t\t\t\t<h3 class=\"entry-title\"><a href=\"https:\/\/kundeservice.admmit.no\/?page_id=1381\" rel=\"bookmark\">H\u00e5ndtere bruddbrev<\/a><\/h3>\t\t\t\t\t\t<p>Fra dashbordet i AdmMit ser du widgeten &#8220;mine oppgaver&#8221;, ser du den ikke kan du tilpasse dashbordet. Her f\u00e5r du varsling om nye og \u00e5pne bruddbrev. \u00c5pne bruddbrev betyr at\u2026<\/p>\n\t\t<\/div><!-- .entry-wrapper -->\n\t<\/article>\n\n\t\t\n\t<article data-post-id=\"1392\"\n\t\tclass=\"type-page\"\n\t\t\t\t>\n\t\t\t\t\n\t\t<div class=\"entry-wrapper\">\n\t\t\t\n\t\t\t\t<div class=\"cat-links \">\n\t\t\t\t\t\t\t\t\t<\/div>\n\t\t\t\t<h3 class=\"entry-title\"><a href=\"https:\/\/kundeservice.admmit.no\/?page_id=1392\" rel=\"bookmark\">Oppsett dashbord<\/a><\/h3>\t\t\t\t\t\t<p>Hjemmesiden din har en god del funksjonalitet og er bygget opp med ulike widgets. Widgets er snarveier\/oversikter som du kan trykke p\u00e5 for \u00e5 eksempelvis f\u00f8re timer eller se oversikt\u2026<\/p>\n\t\t<\/div><!-- .entry-wrapper -->\n\t<\/article>\n\n\t\t\n\t<article data-post-id=\"1377\"\n\t\tclass=\"type-page\"\n\t\t\t\t>\n\t\t\t\t\n\t\t<div class=\"entry-wrapper\">\n\t\t\t\n\t\t\t\t<div class=\"cat-links \">\n\t\t\t\t\t\t\t\t\t<\/div>\n\t\t\t\t<h3 class=\"entry-title\"><a href=\"https:\/\/kundeservice.admmit.no\/?page_id=1377\" rel=\"bookmark\">Timef\u00f8ring<\/a><\/h3>\t\t\t\t\t\t<p>Timef\u00f8ringen i AdmMit er unik til hvert enkelt selskap, og enn kan selv velge hvor avanserte f\u00f8ringer enn selv \u00f8nsker. En kan velge \u00e5 knytte timene sine opp til kunder,\u2026<\/p>\n\t\t<\/div><!-- .entry-wrapper -->\n\t<\/article>\n\n\t\t\n\t<article data-post-id=\"1343\"\n\t\tclass=\"type-page\"\n\t\t\t\t>\n\t\t\t\t\n\t\t<div class=\"entry-wrapper\">\n\t\t\t\n\t\t\t\t<div class=\"cat-links \">\n\t\t\t\t\t\t\t\t\t<\/div>\n\t\t\t\t<h3 class=\"entry-title\"><a href=\"https:\/\/kundeservice.admmit.no\/?page_id=1343\" rel=\"bookmark\">Innsjekk kj\u00f8ret\u00f8y<\/a><\/h3>\t\t\t\t\t\t<p>Trykk p\u00e5 knappen oppe til h\u00f8yre som visst p\u00e5 bildet nedenfor: Velg et kj\u00f8ret\u00f8y, eller trykk &#8220;velg fra liste&#8230;&#8221; for \u00e5 f\u00e5 oversikt over alle kj\u00f8ret\u00f8y. Her kan du filtrere\u2026<\/p>\n\t\t<\/div><!-- .entry-wrapper -->\n\t<\/article>\n\n\t\t\t\t<\/div>\n\t\t\n\t<\/div>\n\t","protected":false},"excerpt":{"rendered":"<p>Velkommen til AdmMit! Basert p\u00e5 hvilke moduler din bedrift har tatt i bruk hos oss, vil du f\u00e5 ulike muligheter og funksjonalitet i AdmMit! Er du usikker p\u00e5 om hvordan du bruker AdmMit, anbefaler vi at du tar en prat med din leder i forkant av innlogging. F\u00f8rste innlogging: Du mottar en SMS med lenke&hellip; <a href=\"https:\/\/kundeservice.admmit.no\/?page_id=1327\" class=\"more-link\">Continue reading <span class=\"screen-reader-text\">Introduksjon som ansatt<\/span><\/a><\/p>\n","protected":false},"author":240207110,"featured_media":0,"parent":0,"menu_order":0,"comment_status":"closed","ping_status":"closed","template":"","meta":{"inline_featured_image":false,"advanced_seo_description":"","jetpack_seo_html_title":"","jetpack_seo_noindex":false,"footnotes":""},"class_list":["post-1327","page","type-page","status-publish","hentry"],"jetpack_shortlink":"https:\/\/wp.me\/Pf9TLW-lp","_links":{"self":[{"href":"https:\/\/kundeservice.admmit.no\/index.php?rest_route=\/wp\/v2\/pages\/1327","targetHints":{"allow":["GET"]}}],"collection":[{"href":"https:\/\/kundeservice.admmit.no\/index.php?rest_route=\/wp\/v2\/pages"}],"about":[{"href":"https:\/\/kundeservice.admmit.no\/index.php?rest_route=\/wp\/v2\/types\/page"}],"author":[{"embeddable":true,"href":"https:\/\/kundeservice.admmit.no\/index.php?rest_route=\/wp\/v2\/users\/240207110"}],"replies":[{"embeddable":true,"href":"https:\/\/kundeservice.admmit.no\/index.php?rest_route=%2Fwp%2Fv2%2Fcomments&post=1327"}],"version-history":[{"count":15,"href":"https:\/\/kundeservice.admmit.no\/index.php?rest_route=\/wp\/v2\/pages\/1327\/revisions"}],"predecessor-version":[{"id":1967,"href":"https:\/\/kundeservice.admmit.no\/index.php?rest_route=\/wp\/v2\/pages\/1327\/revisions\/1967"}],"wp:attachment":[{"href":"https:\/\/kundeservice.admmit.no\/index.php?rest_route=%2Fwp%2Fv2%2Fmedia&parent=1327"}],"curies":[{"name":"wp","href":"https:\/\/api.w.org\/{rel}","templated":true}]}}