{"id":2173,"date":"2024-11-01T14:20:23","date_gmt":"2024-11-01T13:20:23","guid":{"rendered":"https:\/\/kundeservice.admmit.no\/?page_id=2173"},"modified":"2025-04-10T08:35:47","modified_gmt":"2025-04-10T06:35:47","slug":"opprette-skjemakategorier","status":"publish","type":"page","link":"https:\/\/kundeservice.admmit.no\/?page_id=2173","title":{"rendered":"Opprette skjemavisning"},"content":{"rendered":"\n<p>For \u00e5 lage en egen skjemavisning, start med \u00e5 klikke p\u00e5 &#8220;<strong>Vis alle filter<\/strong>&#8221; og &#8220;<strong>Vis alle kolonner i tabell<\/strong>&#8221; for \u00e5 se alle filtrerings- og kolonnealternativer. Da ser du hvilke muligheter som er tilgjengelige, og kan vurdere hvilke du \u00f8nsker \u00e5 inkludere. Klikk deretter p\u00e5 &#8220;<strong>Sideoppsett<\/strong>&#8221; og fjern de du ikke \u00f8nsker \u00e5 ha med. <\/p>\n\n\n\n<figure class=\"wp-block-image size-full\"><img data-recalc-dims=\"1\" decoding=\"async\" width=\"550\" height=\"38\" data-attachment-id=\"2274\" data-permalink=\"https:\/\/kundeservice.admmit.no\/?attachment_id=2274\" data-orig-file=\"https:\/\/i0.wp.com\/kundeservice.admmit.no\/wp-content\/uploads\/2024\/11\/image-15.png?fit=550%2C38&amp;ssl=1\" data-orig-size=\"550,38\" data-comments-opened=\"0\" data-image-meta=\"{&quot;aperture&quot;:&quot;0&quot;,&quot;credit&quot;:&quot;&quot;,&quot;camera&quot;:&quot;&quot;,&quot;caption&quot;:&quot;&quot;,&quot;created_timestamp&quot;:&quot;0&quot;,&quot;copyright&quot;:&quot;&quot;,&quot;focal_length&quot;:&quot;0&quot;,&quot;iso&quot;:&quot;0&quot;,&quot;shutter_speed&quot;:&quot;0&quot;,&quot;title&quot;:&quot;&quot;,&quot;orientation&quot;:&quot;0&quot;}\" data-image-title=\"image\" data-image-description=\"\" data-image-caption=\"\" data-large-file=\"https:\/\/i0.wp.com\/kundeservice.admmit.no\/wp-content\/uploads\/2024\/11\/image-15.png?fit=550%2C38&amp;ssl=1\" src=\"https:\/\/i0.wp.com\/kundeservice.admmit.no\/wp-content\/uploads\/2024\/11\/image-15.png?resize=550%2C38&#038;ssl=1\" alt=\"\" class=\"wp-image-2274\" srcset=\"https:\/\/i0.wp.com\/kundeservice.admmit.no\/wp-content\/uploads\/2024\/11\/image-15.png?w=550&amp;ssl=1 550w, https:\/\/i0.wp.com\/kundeservice.admmit.no\/wp-content\/uploads\/2024\/11\/image-15.png?resize=300%2C21&amp;ssl=1 300w, https:\/\/i0.wp.com\/kundeservice.admmit.no\/wp-content\/uploads\/2024\/11\/image-15.png?resize=260%2C18&amp;ssl=1 260w\" sizes=\"(max-width: 550px) 100vw, 550px\" \/><\/figure>\n\n\n\n<p>I den f\u00f8rste fanen &#8220;<strong>Filtreringsvalg<\/strong>&#8221; kan du velge hvilke filtre du vil bruke ved \u00e5 huke av de relevante valgene. Deretter, g\u00e5 til fanen &#8220;<strong>Tabelloppsett<\/strong>&#8221; for \u00e5 velge hvilke kolonner som skal v\u00e6re synlige.<\/p>\n\n\n\n<figure class=\"wp-block-image size-full is-resized\"><img data-recalc-dims=\"1\" fetchpriority=\"high\" decoding=\"async\" width=\"730\" height=\"212\" data-attachment-id=\"2267\" data-permalink=\"https:\/\/kundeservice.admmit.no\/?attachment_id=2267\" data-orig-file=\"https:\/\/i0.wp.com\/kundeservice.admmit.no\/wp-content\/uploads\/2024\/11\/image-12.png?fit=747%2C217&amp;ssl=1\" data-orig-size=\"747,217\" data-comments-opened=\"0\" data-image-meta=\"{&quot;aperture&quot;:&quot;0&quot;,&quot;credit&quot;:&quot;&quot;,&quot;camera&quot;:&quot;&quot;,&quot;caption&quot;:&quot;&quot;,&quot;created_timestamp&quot;:&quot;0&quot;,&quot;copyright&quot;:&quot;&quot;,&quot;focal_length&quot;:&quot;0&quot;,&quot;iso&quot;:&quot;0&quot;,&quot;shutter_speed&quot;:&quot;0&quot;,&quot;title&quot;:&quot;&quot;,&quot;orientation&quot;:&quot;0&quot;}\" data-image-title=\"image\" data-image-description=\"\" data-image-caption=\"\" data-large-file=\"https:\/\/i0.wp.com\/kundeservice.admmit.no\/wp-content\/uploads\/2024\/11\/image-12.png?fit=730%2C212&amp;ssl=1\" src=\"https:\/\/i0.wp.com\/kundeservice.admmit.no\/wp-content\/uploads\/2024\/11\/image-12.png?resize=730%2C212&#038;ssl=1\" alt=\"\" class=\"wp-image-2267\" style=\"width:447px;height:auto\" srcset=\"https:\/\/i0.wp.com\/kundeservice.admmit.no\/wp-content\/uploads\/2024\/11\/image-12.png?w=747&amp;ssl=1 747w, https:\/\/i0.wp.com\/kundeservice.admmit.no\/wp-content\/uploads\/2024\/11\/image-12.png?resize=300%2C87&amp;ssl=1 300w, https:\/\/i0.wp.com\/kundeservice.admmit.no\/wp-content\/uploads\/2024\/11\/image-12.png?resize=260%2C76&amp;ssl=1 260w\" sizes=\"(max-width: 730px) 100vw, 730px\" \/><\/figure>\n\n\n\n<p>I den tredje fanen finner du visningsvalg, der du kan bestemme om oppsettet skal v\u00e6re synlig i menyen og widgeten p\u00e5 hjemmesiden din. Her kan du ogs\u00e5 slette oppsettet om n\u00f8dvendig.<\/p>\n\n\n\n<p>F\u00f8r du lagrer sideoppsettet ditt s\u00e5 kan du ogs\u00e5 trykke deg ut fra valgmenyene og legge til informasjon i filterene dine. Du lagrer ogs\u00e5 innstillingene i filtrene, slik at du f\u00e5r ferdig utfylte skjemaer som samsvarer med dine \u00f8nsker.<\/p>\n\n\n\n<p>Alle datofelt lagrer relativ tid, slik at om du setter datoen en m\u00e5ned frem i tid, s\u00e5 vil det ogs\u00e5 v\u00e6re en m\u00e5ned frem i tid i morgen. <\/p>\n\n\n\n<p><strong>Eksempel<\/strong>: Skjema fra de siste 30 dagene med behandlingsfrist innen \u00e9n uke med enten medium eller h\u00f8y alvorlighetsgrad. Gitt at dagen i dag er 31.10.24:<\/p>\n\n\n\n<figure class=\"wp-block-image size-full\"><img data-recalc-dims=\"1\" decoding=\"async\" width=\"730\" height=\"120\" data-attachment-id=\"2272\" data-permalink=\"https:\/\/kundeservice.admmit.no\/?attachment_id=2272\" data-orig-file=\"https:\/\/i0.wp.com\/kundeservice.admmit.no\/wp-content\/uploads\/2024\/11\/image-14.png?fit=956%2C157&amp;ssl=1\" data-orig-size=\"956,157\" data-comments-opened=\"0\" data-image-meta=\"{&quot;aperture&quot;:&quot;0&quot;,&quot;credit&quot;:&quot;&quot;,&quot;camera&quot;:&quot;&quot;,&quot;caption&quot;:&quot;&quot;,&quot;created_timestamp&quot;:&quot;0&quot;,&quot;copyright&quot;:&quot;&quot;,&quot;focal_length&quot;:&quot;0&quot;,&quot;iso&quot;:&quot;0&quot;,&quot;shutter_speed&quot;:&quot;0&quot;,&quot;title&quot;:&quot;&quot;,&quot;orientation&quot;:&quot;0&quot;}\" data-image-title=\"image\" data-image-description=\"\" data-image-caption=\"\" data-large-file=\"https:\/\/i0.wp.com\/kundeservice.admmit.no\/wp-content\/uploads\/2024\/11\/image-14.png?fit=730%2C120&amp;ssl=1\" src=\"https:\/\/i0.wp.com\/kundeservice.admmit.no\/wp-content\/uploads\/2024\/11\/image-14.png?resize=730%2C120&#038;ssl=1\" alt=\"\" class=\"wp-image-2272\" srcset=\"https:\/\/i0.wp.com\/kundeservice.admmit.no\/wp-content\/uploads\/2024\/11\/image-14.png?w=956&amp;ssl=1 956w, https:\/\/i0.wp.com\/kundeservice.admmit.no\/wp-content\/uploads\/2024\/11\/image-14.png?resize=300%2C49&amp;ssl=1 300w, https:\/\/i0.wp.com\/kundeservice.admmit.no\/wp-content\/uploads\/2024\/11\/image-14.png?resize=768%2C126&amp;ssl=1 768w, https:\/\/i0.wp.com\/kundeservice.admmit.no\/wp-content\/uploads\/2024\/11\/image-14.png?resize=900%2C148&amp;ssl=1 900w, https:\/\/i0.wp.com\/kundeservice.admmit.no\/wp-content\/uploads\/2024\/11\/image-14.png?resize=260%2C43&amp;ssl=1 260w\" sizes=\"(max-width: 730px) 100vw, 730px\" \/><\/figure>\n\n\n\n<p>N\u00e5r du har lagt inn \u00f8nsket filtreringsvalg med eventuell informasjon, og tabelloppsett. Trykk deg inn igjen p\u00e5 &#8220;<strong>Sideoppsett<\/strong>&#8220;, legg s\u00e5 inn \u00f8nsket ikon og en beskrivelse. <\/p>\n\n\n\n<p><strong>Sideoppsettet <\/strong>vises i menyen og p\u00e5 hjemmesiden. Hvis du \u00f8nsker at andre med tilgang til skjemaet skal f\u00e5 en kopi av oppsettet, huk av for &#8220;<strong>Gj\u00f8r sideoppsett tilgjengelig for alle med tilgang<\/strong>&#8221; og trykk &#8220;<strong>Lagre nytt sideoppsett<\/strong>&#8220;. Da vil alle med skjematilgang f\u00e5 det samme sideoppsettet. <\/p>\n\n\n\n<figure class=\"wp-block-image size-full is-resized\"><img data-recalc-dims=\"1\" loading=\"lazy\" decoding=\"async\" width=\"420\" height=\"121\" data-attachment-id=\"2269\" data-permalink=\"https:\/\/kundeservice.admmit.no\/?attachment_id=2269\" data-orig-file=\"https:\/\/i0.wp.com\/kundeservice.admmit.no\/wp-content\/uploads\/2024\/11\/image-13.png?fit=420%2C121&amp;ssl=1\" data-orig-size=\"420,121\" data-comments-opened=\"0\" data-image-meta=\"{&quot;aperture&quot;:&quot;0&quot;,&quot;credit&quot;:&quot;&quot;,&quot;camera&quot;:&quot;&quot;,&quot;caption&quot;:&quot;&quot;,&quot;created_timestamp&quot;:&quot;0&quot;,&quot;copyright&quot;:&quot;&quot;,&quot;focal_length&quot;:&quot;0&quot;,&quot;iso&quot;:&quot;0&quot;,&quot;shutter_speed&quot;:&quot;0&quot;,&quot;title&quot;:&quot;&quot;,&quot;orientation&quot;:&quot;0&quot;}\" data-image-title=\"image\" data-image-description=\"\" data-image-caption=\"\" data-large-file=\"https:\/\/i0.wp.com\/kundeservice.admmit.no\/wp-content\/uploads\/2024\/11\/image-13.png?fit=420%2C121&amp;ssl=1\" src=\"https:\/\/i0.wp.com\/kundeservice.admmit.no\/wp-content\/uploads\/2024\/11\/image-13.png?resize=420%2C121&#038;ssl=1\" alt=\"\" class=\"wp-image-2269\" style=\"width:438px;height:auto\" srcset=\"https:\/\/i0.wp.com\/kundeservice.admmit.no\/wp-content\/uploads\/2024\/11\/image-13.png?w=420&amp;ssl=1 420w, https:\/\/i0.wp.com\/kundeservice.admmit.no\/wp-content\/uploads\/2024\/11\/image-13.png?resize=300%2C86&amp;ssl=1 300w, https:\/\/i0.wp.com\/kundeservice.admmit.no\/wp-content\/uploads\/2024\/11\/image-13.png?resize=260%2C75&amp;ssl=1 260w\" sizes=\"(max-width: 420px) 100vw, 420px\" \/><\/figure>\n\n\n\n<p>Hvis du setter deg selv som ansvarlig, vil skjemaansvarlig og leder f\u00f8lge. Hvis du velger en annen person og lagrer, vil denne personen forbli ansvarlig.<\/p>\n\n\n\n<p><strong>Forklaring p\u00e5 noen av filterutvalgene med muligheter:<\/strong><\/p>\n\n\n\n<p>Tagging: Trykk p\u00e5 redigeringsknappen for \u00e5 legge til nye tagger. Aktive tagger vises nedenfor, med ulik farge avhengig av om de er aktive eller inaktive.<\/p>\n\n\n\n<figure class=\"wp-block-image size-full is-resized\"><img data-recalc-dims=\"1\" loading=\"lazy\" decoding=\"async\" width=\"721\" height=\"296\" data-attachment-id=\"2280\" data-permalink=\"https:\/\/kundeservice.admmit.no\/?attachment_id=2280\" data-orig-file=\"https:\/\/i0.wp.com\/kundeservice.admmit.no\/wp-content\/uploads\/2024\/11\/image-16.png?fit=721%2C296&amp;ssl=1\" data-orig-size=\"721,296\" data-comments-opened=\"0\" data-image-meta=\"{&quot;aperture&quot;:&quot;0&quot;,&quot;credit&quot;:&quot;&quot;,&quot;camera&quot;:&quot;&quot;,&quot;caption&quot;:&quot;&quot;,&quot;created_timestamp&quot;:&quot;0&quot;,&quot;copyright&quot;:&quot;&quot;,&quot;focal_length&quot;:&quot;0&quot;,&quot;iso&quot;:&quot;0&quot;,&quot;shutter_speed&quot;:&quot;0&quot;,&quot;title&quot;:&quot;&quot;,&quot;orientation&quot;:&quot;0&quot;}\" data-image-title=\"image\" data-image-description=\"\" data-image-caption=\"\" data-large-file=\"https:\/\/i0.wp.com\/kundeservice.admmit.no\/wp-content\/uploads\/2024\/11\/image-16.png?fit=721%2C296&amp;ssl=1\" src=\"https:\/\/i0.wp.com\/kundeservice.admmit.no\/wp-content\/uploads\/2024\/11\/image-16.png?resize=721%2C296&#038;ssl=1\" alt=\"\" class=\"wp-image-2280\" style=\"width:436px;height:auto\" srcset=\"https:\/\/i0.wp.com\/kundeservice.admmit.no\/wp-content\/uploads\/2024\/11\/image-16.png?w=721&amp;ssl=1 721w, https:\/\/i0.wp.com\/kundeservice.admmit.no\/wp-content\/uploads\/2024\/11\/image-16.png?resize=300%2C123&amp;ssl=1 300w, https:\/\/i0.wp.com\/kundeservice.admmit.no\/wp-content\/uploads\/2024\/11\/image-16.png?resize=260%2C107&amp;ssl=1 260w\" sizes=\"(max-width: 721px) 100vw, 721px\" \/><\/figure>\n\n\n\n<p>Friteksts\u00f8k: S\u00f8k p\u00e5 innhold som er sendt inn i skjemaet. Gjelder alle felt unntatt tittel. Aktive radiofelt vises som avhukede.<\/p>\n\n\n\n<p><\/p>\n\n\n\t<div\n\t\tclass=\"wp-block-newspack-blocks-homepage-articles is-style-borders wpnbha ts-4 show-category is-style-borders has-text-align-left\"\n\t\tstyle=\"\"\n\t\t>\n\t\t\t\t\t<style id=\"newspack-blocks-inline-css\" type=\"text\/css\">\t\t.wp-block-newspack-blocks-homepage-articles article .entry-title {\n\t\t\tfont-size: 1.2em;\n\t\t}\n\t\t.wp-block-newspack-blocks-homepage-articles .entry-meta {\n\t\t\tdisplay: flex;\n\t\t\tflex-wrap: wrap;\n\t\t\talign-items: center;\n\t\t\tmargin-top: 0.5em;\n\t\t}\n\t\t.wp-block-newspack-blocks-homepage-articles article .entry-meta {\n\t\t\tfont-size: 0.8em;\n\t\t}\n\t\t.wp-block-newspack-blocks-homepage-articles article .avatar {\n\t\t\theight: 25px;\n\t\t\twidth: 25px;\n\t\t}\n\t\t.wp-block-newspack-blocks-homepage-articles .post-thumbnail{\n\t\t\tmargin: 0;\n\t\t\tmargin-bottom: 0.25em;\n\t\t}\n\t\t.wp-block-newspack-blocks-homepage-articles .post-thumbnail img {\n\t\t\theight: auto;\n\t\t\twidth: 100%;\n\t\t}\n\t\t.wp-block-newspack-blocks-homepage-articles .post-thumbnail figcaption {\n\t\t\tmargin-bottom: 0.5em;\n\t\t}\n\t\t.wp-block-newspack-blocks-homepage-articles p {\n\t\t\tmargin: 0.5em 0;\n\t\t}\n\n\t\t\t<\/style>\n\t\t\t\t<div data-posts data-current-post-id=\"2173\">\n\t\t\t\t\t\t\t<h2 class=\"article-section-title\">\n\t\t\t\t\t<span>Relevante artikler<\/span>\n\t\t\t\t<\/h2>\n\t\t\t\t\t\t\n\t<article data-post-id=\"2172\"\n\t\tclass=\"type-page\"\n\t\t\t\t>\n\t\t\t\t\n\t\t<div class=\"entry-wrapper\">\n\t\t\t\n\t\t\t\t<div class=\"cat-links \">\n\t\t\t\t\t\t\t\t\t<\/div>\n\t\t\t\t<h3 class=\"entry-title\"><a href=\"https:\/\/kundeservice.admmit.no\/?page_id=2172\" rel=\"bookmark\">Skjema<\/a><\/h3>\t\t\t\t\t\t<p>Denne veiledningen gir deg en oversikt over hvordan du kan h\u00e5ndtere, behandle, opprette skjemakategorier og styre tilganger til skjema. Med den nye skjemavisningen kan du enkelt administrere, redigere og f\u00f8lge\u2026<\/p>\n\t\t<\/div><!-- .entry-wrapper -->\n\t<\/article>\n\n\t\t\n\t<article data-post-id=\"2174\"\n\t\tclass=\"type-page\"\n\t\t\t\t>\n\t\t\t\t\n\t\t<div class=\"entry-wrapper\">\n\t\t\t\n\t\t\t\t<div class=\"cat-links \">\n\t\t\t\t\t\t\t\t\t<\/div>\n\t\t\t\t<h3 class=\"entry-title\"><a href=\"https:\/\/kundeservice.admmit.no\/?page_id=2174\" rel=\"bookmark\">Endre tilgang til skjema<\/a><\/h3>\t\t\t\t\t\t<p>Man kan begrense tilgang til spesifikke roller og filtrere etter avdeling. Det er ogs\u00e5 mulig \u00e5 velge mellom lese- eller skrivetilgang i grunndata. Dette gjelder b\u00e5de for roller og behandlingsansvarlige.\u2026<\/p>\n\t\t<\/div><!-- .entry-wrapper -->\n\t<\/article>\n\n\t\t\n\t<article data-post-id=\"2494\"\n\t\tclass=\"type-page\"\n\t\t\t\t>\n\t\t\t\t\n\t\t<div class=\"entry-wrapper\">\n\t\t\t\n\t\t\t\t<div class=\"cat-links \">\n\t\t\t\t\t\t\t\t\t<\/div>\n\t\t\t\t<h3 class=\"entry-title\"><a href=\"https:\/\/kundeservice.admmit.no\/?page_id=2494\" rel=\"bookmark\">Behandle skjema i grunndata<\/a><\/h3>\t\t\t\t\t\t<p>For \u00e5 endre hvordan skjema skal oppf\u00f8re seg, trykk p\u00e5\u00a0Meny\u00a0\u2013\u00a0Grunndata\u00a0\u2013 fanen\u00a0Generelt\u00a0\u2013\u00a0skjemaer. Trykk p\u00e5 redigeringsknappen til h\u00f8yre for \u00e5 gj\u00f8re endringer p\u00e5 et skjema. Her kan du velge om skjemaet skal\u2026<\/p>\n\t\t<\/div><!-- .entry-wrapper -->\n\t<\/article>\n\n\t\t\t\t<\/div>\n\t\t\n\t<\/div>\n\t\n\n\n<p><\/p>\n\n\n<div class=\"frm_forms  with_frm_style frm_style_formidable-style\" id=\"frm_form_2_container\" data-token=\"bf88fd698600dd4acb02bed4ab0b2907\">\n<form enctype=\"multipart\/form-data\" method=\"post\" class=\"frm-show-form \" id=\"form_var-denne-veiledningen-nyttig\" data-token=\"bf88fd698600dd4acb02bed4ab0b2907\">\n<div class=\"frm_form_fields \">\n<fieldset>\n<legend class=\"frm_screen_reader\">Var denne veiledningen nyttig?<\/legend>\r\n\r\n<div class=\"frm_fields_container\">\n<input type=\"hidden\" name=\"frm_action\" value=\"create\" \/>\n<input type=\"hidden\" name=\"form_id\" value=\"2\" \/>\n<input type=\"hidden\" name=\"frm_hide_fields_2\" id=\"frm_hide_fields_2\" value=\"\" \/>\n<input type=\"hidden\" name=\"form_key\" value=\"var-denne-veiledningen-nyttig\" \/>\n<input type=\"hidden\" name=\"item_meta[0]\" value=\"\" \/>\n<input type=\"hidden\" id=\"frm_submit_entry_2\" name=\"frm_submit_entry_2\" value=\"90675e2ff2\" \/><input type=\"hidden\" name=\"_wp_http_referer\" value=\"\/index.php?rest_route=%2Fwp%2Fv2%2Fpages%2F2173\" \/><div id=\"frm_field_7_container\" class=\"frm_form_field form-field  frm_top_container vertical_radio\">\r\n    <div  id=\"field_5hpzl_label\" class=\"frm_primary_label\">Var denne veiledningen nyttig?\r\n        <span class=\"frm_required\" aria-hidden=\"true\"><\/span>\r\n    <\/div>\r\n    <div class=\"frm_opt_container\" aria-labelledby=\"field_5hpzl_label\" role=\"radiogroup\">\t\t<div class=\"frm_radio\" id=\"frm_radio_7-0\">\t\t\t<label  for=\"field_5hpzl-0\">\n\t\t\t\t\t<input type=\"radio\" name=\"item_meta[7]\" id=\"field_5hpzl-0\" value=\"Ja\"\n\t\t data-invmsg=\"Var denne veiledningen nyttig? is invalid\"   \/> Ja<\/label><\/div>\n\t\t<div class=\"frm_radio\" id=\"frm_radio_7-1\">\t\t\t<label  for=\"field_5hpzl-1\">\n\t\t\t\t\t<input type=\"radio\" name=\"item_meta[7]\" id=\"field_5hpzl-1\" value=\"Nei\"\n\t\t data-invmsg=\"Var denne veiledningen nyttig? is invalid\"   \/> Nei<\/label><\/div>\n<\/div>\r\n    \r\n    \r\n<\/div>\n<div id=\"frm_field_12_container\" class=\"frm_form_field form-field \">\n\t<div class=\"frm_submit frm_flex\">\r\n<button class=\"frm_button_submit\" type=\"submit\"  >Takk for tilbakemelding<\/button>\r\n\r\n\r\n\r\n<\/div>\n<\/div>\n\t<input type=\"hidden\" name=\"item_key\" value=\"\" \/>\n\t\t\t<div id=\"frm_field_13_container\">\n\t\t\t<label for=\"field_1ysb1\" >\n\t\t\t\tIf you are human, leave this field blank.\t\t\t<\/label>\n\t\t\t<input  id=\"field_1ysb1\" type=\"text\" class=\"frm_form_field form-field frm_verify\" name=\"item_meta[13]\" value=\"\"  \/>\n\t\t<\/div>\n\t\t<input name=\"frm_state\" type=\"hidden\" value=\"L6SFjAD1LrmJVrySNQZesLeRRJtbaS3WyNRrKhxBu28=\" \/><\/div>\n<\/fieldset>\n<\/div>\n\n<p style=\"display: none !important;\" class=\"akismet-fields-container\" data-prefix=\"ak_\"><label>&#916;<textarea name=\"ak_hp_textarea\" cols=\"45\" rows=\"8\" maxlength=\"100\"><\/textarea><\/label><input type=\"hidden\" id=\"ak_js_1\" name=\"ak_js\" value=\"54\"\/><script>document.getElementById( \"ak_js_1\" ).setAttribute( \"value\", ( new Date() ).getTime() );<\/script><\/p><\/form>\n<\/div>\n\n","protected":false},"excerpt":{"rendered":"<p>For \u00e5 lage en egen skjemavisning, start med \u00e5 klikke p\u00e5 &#8220;Vis alle filter&#8221; og &#8220;Vis alle kolonner i tabell&#8221; for \u00e5 se alle filtrerings- og kolonnealternativer. Da ser du hvilke muligheter som er tilgjengelige, og kan vurdere hvilke du \u00f8nsker \u00e5 inkludere. Klikk deretter p\u00e5 &#8220;Sideoppsett&#8221; og fjern de du ikke \u00f8nsker \u00e5 ha&hellip; <a href=\"https:\/\/kundeservice.admmit.no\/?page_id=2173\" class=\"more-link\">Continue reading <span class=\"screen-reader-text\">Opprette skjemavisning<\/span><\/a><\/p>\n","protected":false},"author":240207110,"featured_media":0,"parent":0,"menu_order":0,"comment_status":"closed","ping_status":"closed","template":"","meta":{"inline_featured_image":false,"advanced_seo_description":"","jetpack_seo_html_title":"","jetpack_seo_noindex":false,"footnotes":""},"class_list":["post-2173","page","type-page","status-publish","hentry"],"jetpack_shortlink":"https:\/\/wp.me\/Pf9TLW-z3","_links":{"self":[{"href":"https:\/\/kundeservice.admmit.no\/index.php?rest_route=\/wp\/v2\/pages\/2173","targetHints":{"allow":["GET"]}}],"collection":[{"href":"https:\/\/kundeservice.admmit.no\/index.php?rest_route=\/wp\/v2\/pages"}],"about":[{"href":"https:\/\/kundeservice.admmit.no\/index.php?rest_route=\/wp\/v2\/types\/page"}],"author":[{"embeddable":true,"href":"https:\/\/kundeservice.admmit.no\/index.php?rest_route=\/wp\/v2\/users\/240207110"}],"replies":[{"embeddable":true,"href":"https:\/\/kundeservice.admmit.no\/index.php?rest_route=%2Fwp%2Fv2%2Fcomments&post=2173"}],"version-history":[{"count":22,"href":"https:\/\/kundeservice.admmit.no\/index.php?rest_route=\/wp\/v2\/pages\/2173\/revisions"}],"predecessor-version":[{"id":2502,"href":"https:\/\/kundeservice.admmit.no\/index.php?rest_route=\/wp\/v2\/pages\/2173\/revisions\/2502"}],"wp:attachment":[{"href":"https:\/\/kundeservice.admmit.no\/index.php?rest_route=%2Fwp%2Fv2%2Fmedia&parent=2173"}],"curies":[{"name":"wp","href":"https:\/\/api.w.org\/{rel}","templated":true}]}}