{"id":316,"date":"2024-02-12T12:30:26","date_gmt":"2024-02-12T11:30:26","guid":{"rendered":"https:\/\/kundeservice.admmit.no\/?page_id=316"},"modified":"2024-08-20T14:06:09","modified_gmt":"2024-08-20T12:06:09","slug":"materiell","status":"publish","type":"page","link":"https:\/\/kundeservice.admmit.no\/?page_id=316","title":{"rendered":"Materiell"},"content":{"rendered":"\n<p>For \u00e5 f\u00e5 oversikt over ditt materiell trykker du p\u00e5 &#8220;<strong>Meny<\/strong>&#8221; og fanen &#8220;<strong>Materiell<\/strong>&#8220;. Her f\u00e5r du flere valg, f\u00f8rste fane er en oversikt, trykker du p\u00e5 registreringsnr kommer du til <a href=\"https:\/\/kundeservice.admmit.no\/?page_id=390\" data-type=\"page\" data-id=\"390\"><mark style=\"background-color:rgba(0, 0, 0, 0)\" class=\"has-inline-color has-vivid-cyan-blue-color\">Materiellkortet<\/mark><\/a>. <\/p>\n\n\n\n<p>Trykker du p\u00e5 &#8220;<strong>Eksporter til Excel<\/strong>&#8220;, f\u00e5r du all informasjon som er lagt inn p\u00e5 alle ditt materiell. Trykker du p\u00e5 &#8220;<strong>Eksporter QR-koder<\/strong>&#8221; f\u00e5r du QR koder til ditt materiell om kan brukes mot <a href=\"https:\/\/kundeservice.admmit.no\/?page_id=764\" data-type=\"page\" data-id=\"764\"><mark style=\"background-color:rgba(0, 0, 0, 0)\" class=\"has-inline-color has-vivid-cyan-blue-color\">innsjekk og utsjekk<\/mark><\/a>.<\/p>\n\n\n\n<p>For \u00e5 legge til nytt kj\u00f8ret\u00f8y trykker du p\u00e5 &#8220;<strong>+ Nytt kj\u00f8ret\u00f8y<\/strong>&#8221; les mer om dette her: <a href=\"https:\/\/kundeservice.admmit.no\/?page_id=389\" data-type=\"page\" data-id=\"389\"><mark style=\"background-color:rgba(0, 0, 0, 0)\" class=\"has-inline-color has-vivid-cyan-blue-color\">Oppretting av materiell<\/mark><\/a>.<\/p>\n\n\n\n<p>I &#8220;<strong>Kilometerstand<\/strong>&#8221; fanen f\u00e5r du opp kilometer stand pr bil. Blir oppdatert automatisk via DDD-filer.<\/p>\n\n\n\n<p>I &#8220;<strong>Utstyrliste<\/strong>&#8221; fanen ser du oversikt over utstyr. Administrator kan legge til type utstyr i <a href=\"https:\/\/kundeservice.admmit.no\/?page_id=936\" data-type=\"page\" data-id=\"936\"><mark style=\"background-color:rgba(0, 0, 0, 0)\" class=\"has-inline-color has-vivid-cyan-blue-color\">Grunndata<\/mark><\/a>. Trykk p\u00e5 utstyr for \u00e5 legge til dokumenter og utl\u00f8psdatoer. &#8220;<strong>Eksporter til Excel<\/strong>&#8221; for \u00e5 hente ut informasjon p\u00e5 alt utstyr. <\/p>\n\n\n\n<p>I &#8220;<strong>Bygninger<\/strong>&#8221; fanen kan du trykke &#8220;<strong>+ Ny bygning<\/strong>&#8221; for \u00e5 legge til bygninger.<\/p>\n\n\n\n<p>I &#8220;<strong>Inn- og utsjekk<\/strong>&#8221; fanen gir deg oversikt over alle sjekkpunkt med klokkeslett. Mulighet for eksport til Excel.<\/p>\n\n\n\n<p>I &#8220;<strong>Verkstedordre<\/strong>,<strong> skader, frav\u00e6rsoversikt, frav\u00e6rskalender og varslinger<\/strong> fanene kan du <a href=\"https:\/\/kundeservice.admmit.no\/?page_id=391\" data-type=\"page\" data-id=\"391\"><mark style=\"background-color:rgba(0, 0, 0, 0)\" class=\"has-inline-color has-vivid-cyan-blue-color\">behandle materiell<\/mark><\/a>.<\/p>\n\n\n\n<p>I &#8220;<strong>Skadestatistikk<\/strong>&#8221; fanen ser du totalkostnad og antall hendelser pr m\u00e5ned.<\/p>\n\n\n<div class=\"frm_forms  with_frm_style frm_style_formidable-style\" id=\"frm_form_2_container\" data-token=\"5971cdb92572c74946b3d512734e0269\">\n<form enctype=\"multipart\/form-data\" method=\"post\" class=\"frm-show-form \" id=\"form_var-denne-veiledningen-nyttig\" data-token=\"5971cdb92572c74946b3d512734e0269\">\n<div class=\"frm_form_fields \">\n<fieldset>\n<legend class=\"frm_screen_reader\">Var denne veiledningen nyttig?<\/legend>\r\n\r\n<div class=\"frm_fields_container\">\n<input type=\"hidden\" name=\"frm_action\" value=\"create\" \/>\n<input type=\"hidden\" name=\"form_id\" value=\"2\" \/>\n<input type=\"hidden\" name=\"frm_hide_fields_2\" id=\"frm_hide_fields_2\" value=\"\" \/>\n<input type=\"hidden\" name=\"form_key\" value=\"var-denne-veiledningen-nyttig\" \/>\n<input type=\"hidden\" name=\"item_meta[0]\" value=\"\" \/>\n<input type=\"hidden\" id=\"frm_submit_entry_2\" name=\"frm_submit_entry_2\" value=\"53073183e8\" \/><input type=\"hidden\" name=\"_wp_http_referer\" value=\"\/index.php?rest_route=%2Fwp%2Fv2%2Fpages%2F316\" \/><div id=\"frm_field_7_container\" class=\"frm_form_field form-field  frm_top_container vertical_radio\">\r\n    <div  id=\"field_5hpzl_label\" class=\"frm_primary_label\">Var denne veiledningen nyttig?\r\n        <span class=\"frm_required\" aria-hidden=\"true\"><\/span>\r\n    <\/div>\r\n    <div class=\"frm_opt_container\" aria-labelledby=\"field_5hpzl_label\" role=\"radiogroup\">\t\t<div class=\"frm_radio\" id=\"frm_radio_7-0\">\t\t\t<label  for=\"field_5hpzl-0\">\n\t\t\t\t\t<input type=\"radio\" name=\"item_meta[7]\" id=\"field_5hpzl-0\" value=\"Ja\"\n\t\t data-invmsg=\"Var denne veiledningen nyttig? is invalid\"   \/> Ja<\/label><\/div>\n\t\t<div class=\"frm_radio\" id=\"frm_radio_7-1\">\t\t\t<label  for=\"field_5hpzl-1\">\n\t\t\t\t\t<input type=\"radio\" name=\"item_meta[7]\" id=\"field_5hpzl-1\" value=\"Nei\"\n\t\t data-invmsg=\"Var denne veiledningen nyttig? is invalid\"   \/> Nei<\/label><\/div>\n<\/div>\r\n    \r\n    \r\n<\/div>\n<div id=\"frm_field_12_container\" class=\"frm_form_field form-field \">\n\t<div class=\"frm_submit frm_flex\">\r\n<button class=\"frm_button_submit\" type=\"submit\"  >Takk for tilbakemelding<\/button>\r\n\r\n\r\n\r\n<\/div>\n<\/div>\n\t<input type=\"hidden\" name=\"item_key\" value=\"\" \/>\n\t\t\t<div id=\"frm_field_13_container\">\n\t\t\t<label for=\"field_bn5ra\" >\n\t\t\t\tIf you are human, leave this field blank.\t\t\t<\/label>\n\t\t\t<input  id=\"field_bn5ra\" type=\"text\" class=\"frm_form_field form-field frm_verify\" name=\"item_meta[13]\" value=\"\"  \/>\n\t\t<\/div>\n\t\t<input name=\"frm_state\" type=\"hidden\" value=\"L6SFjAD1LrmJVrySNQZesLeRRJtbaS3WyNRrKhxBu28=\" \/><\/div>\n<\/fieldset>\n<\/div>\n\n<p style=\"display: none !important;\" class=\"akismet-fields-container\" data-prefix=\"ak_\"><label>&#916;<textarea name=\"ak_hp_textarea\" cols=\"45\" rows=\"8\" maxlength=\"100\"><\/textarea><\/label><input type=\"hidden\" id=\"ak_js_1\" name=\"ak_js\" value=\"43\"\/><script>document.getElementById( \"ak_js_1\" ).setAttribute( \"value\", ( new Date() ).getTime() );<\/script><\/p><\/form>\n<\/div>\n\n","protected":false},"excerpt":{"rendered":"<p>For \u00e5 f\u00e5 oversikt over ditt materiell trykker du p\u00e5 &#8220;Meny&#8221; og fanen &#8220;Materiell&#8220;. Her f\u00e5r du flere valg, f\u00f8rste fane er en oversikt, trykker du p\u00e5 registreringsnr kommer du til Materiellkortet. Trykker du p\u00e5 &#8220;Eksporter til Excel&#8220;, f\u00e5r du all informasjon som er lagt inn p\u00e5 alle ditt materiell. Trykker du p\u00e5 &#8220;Eksporter QR-koder&#8221;&hellip; <a href=\"https:\/\/kundeservice.admmit.no\/?page_id=316\" class=\"more-link\">Continue reading <span class=\"screen-reader-text\">Materiell<\/span><\/a><\/p>\n","protected":false},"author":240207110,"featured_media":0,"parent":0,"menu_order":0,"comment_status":"closed","ping_status":"closed","template":"","meta":{"inline_featured_image":false,"advanced_seo_description":"","jetpack_seo_html_title":"","jetpack_seo_noindex":false,"footnotes":""},"class_list":["post-316","page","type-page","status-publish","hentry"],"jetpack_shortlink":"https:\/\/wp.me\/Pf9TLW-56","_links":{"self":[{"href":"https:\/\/kundeservice.admmit.no\/index.php?rest_route=\/wp\/v2\/pages\/316","targetHints":{"allow":["GET"]}}],"collection":[{"href":"https:\/\/kundeservice.admmit.no\/index.php?rest_route=\/wp\/v2\/pages"}],"about":[{"href":"https:\/\/kundeservice.admmit.no\/index.php?rest_route=\/wp\/v2\/types\/page"}],"author":[{"embeddable":true,"href":"https:\/\/kundeservice.admmit.no\/index.php?rest_route=\/wp\/v2\/users\/240207110"}],"replies":[{"embeddable":true,"href":"https:\/\/kundeservice.admmit.no\/index.php?rest_route=%2Fwp%2Fv2%2Fcomments&post=316"}],"version-history":[{"count":15,"href":"https:\/\/kundeservice.admmit.no\/index.php?rest_route=\/wp\/v2\/pages\/316\/revisions"}],"predecessor-version":[{"id":1973,"href":"https:\/\/kundeservice.admmit.no\/index.php?rest_route=\/wp\/v2\/pages\/316\/revisions\/1973"}],"wp:attachment":[{"href":"https:\/\/kundeservice.admmit.no\/index.php?rest_route=%2Fwp%2Fv2%2Fmedia&parent=316"}],"curies":[{"name":"wp","href":"https:\/\/api.w.org\/{rel}","templated":true}]}}