{"id":349,"date":"2024-02-12T13:14:20","date_gmt":"2024-02-12T12:14:20","guid":{"rendered":"https:\/\/kundeservice.admmit.no\/?page_id=349"},"modified":"2024-02-16T10:29:44","modified_gmt":"2024-02-16T09:29:44","slug":"introduksjon-til-admmit","status":"publish","type":"page","link":"https:\/\/kundeservice.admmit.no\/?page_id=349","title":{"rendered":"Introduksjon til AdmMit"},"content":{"rendered":"\n<p>AdmMit effektiviserer datah\u00e5ndtering og minimerer bruken av forskjellige systemer.<\/p>\n\n\n\n<p>Systemet er laget for transport- og entrepren\u00f8rbransjen, av ledere og brukere fra bransjen. AdmMit forenkler arbeidsdagen for daglig leder, avdelingsleder og \u00f8vrig administrasjon. I tillegg er det enkelt for brukerne som skal registrere sine data.<\/p>\n\n\n\n<p>V\u00e5rt m\u00e5l er at alle skal f\u00e5 kontroll p\u00e5 sitt, og at bedriften kan bruke spart tid p\u00e5 sine kunder og kvalitetssikring.<\/p>\n\n\n\t<div\n\t\tclass=\"wp-block-newspack-blocks-homepage-articles is-style-borders wpnbha ts-4 show-category is-style-borders has-text-align-left\"\n\t\tstyle=\"\"\n\t\t>\n\t\t\t\t\t<style id=\"newspack-blocks-inline-css\" type=\"text\/css\">\t\t.wp-block-newspack-blocks-homepage-articles article .entry-title {\n\t\t\tfont-size: 1.2em;\n\t\t}\n\t\t.wp-block-newspack-blocks-homepage-articles .entry-meta {\n\t\t\tdisplay: flex;\n\t\t\tflex-wrap: wrap;\n\t\t\talign-items: center;\n\t\t\tmargin-top: 0.5em;\n\t\t}\n\t\t.wp-block-newspack-blocks-homepage-articles article .entry-meta {\n\t\t\tfont-size: 0.8em;\n\t\t}\n\t\t.wp-block-newspack-blocks-homepage-articles article .avatar {\n\t\t\theight: 25px;\n\t\t\twidth: 25px;\n\t\t}\n\t\t.wp-block-newspack-blocks-homepage-articles .post-thumbnail{\n\t\t\tmargin: 0;\n\t\t\tmargin-bottom: 0.25em;\n\t\t}\n\t\t.wp-block-newspack-blocks-homepage-articles .post-thumbnail img {\n\t\t\theight: auto;\n\t\t\twidth: 100%;\n\t\t}\n\t\t.wp-block-newspack-blocks-homepage-articles .post-thumbnail figcaption {\n\t\t\tmargin-bottom: 0.5em;\n\t\t}\n\t\t.wp-block-newspack-blocks-homepage-articles p {\n\t\t\tmargin: 0.5em 0;\n\t\t}\n\n\t\t\t<\/style>\n\t\t\t\t<div data-posts data-current-post-id=\"349\">\n\t\t\t\t\t\t\t<h2 class=\"article-section-title\">\n\t\t\t\t\t<span>Relevante artikler<\/span>\n\t\t\t\t<\/h2>\n\t\t\t\t\t\t\n\t<article data-post-id=\"363\"\n\t\tclass=\"type-page\"\n\t\t\t\t>\n\t\t\t\t\n\t\t<div class=\"entry-wrapper\">\n\t\t\t\n\t\t\t\t<div class=\"cat-links \">\n\t\t\t\t\t\t\t\t\t<\/div>\n\t\t\t\t<h3 class=\"entry-title\"><a href=\"https:\/\/kundeservice.admmit.no\/?page_id=363\" rel=\"bookmark\">Innlogging og passord<\/a><\/h3>\t\t\t\t\t\t<p>\u00d8nsker du \u00e5 sende ut innloggingsinformasjon til dine ansatte, trykk her Logg inn p\u00e5 din nettadresse som vil v\u00e6re: \u201cfirmanavn.admmit.no\/\u201d. Husk \u00e5 endre \u201cfirmanavn\u201d til selskapsnavnet ditt. F\u00f8rste innlogging: Du\u2026<\/p>\n\t\t<\/div><!-- .entry-wrapper -->\n\t<\/article>\n\n\t\t\n\t<article data-post-id=\"364\"\n\t\tclass=\"type-page\"\n\t\t\t\t>\n\t\t\t\t\n\t\t<div class=\"entry-wrapper\">\n\t\t\t\n\t\t\t\t<div class=\"cat-links \">\n\t\t\t\t\t\t\t\t\t<\/div>\n\t\t\t\t<h3 class=\"entry-title\"><a href=\"https:\/\/kundeservice.admmit.no\/?page_id=364\" rel=\"bookmark\">Dashbord med funksjoner<\/a><\/h3>\t\t\t\t\t\t<p>Hjemmesiden din har en god del funksjonalitet og er bygget opp med ulike widgets. Du kan tilpasse oppsettet ditt ved \u00e5 g\u00e5 inn p\u00e5 tannhjulknappen \u2699\ufe0f \u00e5 trykke p\u00e5 \u201clegg\u2026<\/p>\n\t\t<\/div><!-- .entry-wrapper -->\n\t<\/article>\n\n\t\t\n\t<article data-post-id=\"365\"\n\t\tclass=\"type-page\"\n\t\t\t\t>\n\t\t\t\t\n\t\t<div class=\"entry-wrapper\">\n\t\t\t\n\t\t\t\t<div class=\"cat-links \">\n\t\t\t\t\t\t\t\t\t<\/div>\n\t\t\t\t<h3 class=\"entry-title\"><a href=\"https:\/\/kundeservice.admmit.no\/?page_id=365\" rel=\"bookmark\">Sende meldinger<\/a><\/h3>\t\t\t\t\t\t<p>\u00d8verst til h\u00f8yre har du et meldingsverkt\u00f8y hvor du kan sende meldinger internt i AdmMit og videresende meldinger via SMS (kostnad pr SMS). \u00d8nsker du \u00e5 sende samme melding til\u2026<\/p>\n\t\t<\/div><!-- .entry-wrapper -->\n\t<\/article>\n\n\t\t\t\t<\/div>\n\t\t\n\t<\/div>\n\t","protected":false},"excerpt":{"rendered":"<p>AdmMit effektiviserer datah\u00e5ndtering og minimerer bruken av forskjellige systemer. Systemet er laget for transport- og entrepren\u00f8rbransjen, av ledere og brukere fra bransjen. AdmMit forenkler arbeidsdagen for daglig leder, avdelingsleder og \u00f8vrig administrasjon. I tillegg er det enkelt for brukerne som skal registrere sine data. V\u00e5rt m\u00e5l er at alle skal f\u00e5 kontroll p\u00e5 sitt, og&hellip; <a href=\"https:\/\/kundeservice.admmit.no\/?page_id=349\" class=\"more-link\">Continue reading <span class=\"screen-reader-text\">Introduksjon til AdmMit<\/span><\/a><\/p>\n","protected":false},"author":240207110,"featured_media":0,"parent":0,"menu_order":0,"comment_status":"closed","ping_status":"closed","template":"","meta":{"inline_featured_image":false,"advanced_seo_description":"","jetpack_seo_html_title":"","jetpack_seo_noindex":false,"footnotes":""},"class_list":["post-349","page","type-page","status-publish","hentry"],"jetpack_shortlink":"https:\/\/wp.me\/Pf9TLW-5D","_links":{"self":[{"href":"https:\/\/kundeservice.admmit.no\/index.php?rest_route=\/wp\/v2\/pages\/349","targetHints":{"allow":["GET"]}}],"collection":[{"href":"https:\/\/kundeservice.admmit.no\/index.php?rest_route=\/wp\/v2\/pages"}],"about":[{"href":"https:\/\/kundeservice.admmit.no\/index.php?rest_route=\/wp\/v2\/types\/page"}],"author":[{"embeddable":true,"href":"https:\/\/kundeservice.admmit.no\/index.php?rest_route=\/wp\/v2\/users\/240207110"}],"replies":[{"embeddable":true,"href":"https:\/\/kundeservice.admmit.no\/index.php?rest_route=%2Fwp%2Fv2%2Fcomments&post=349"}],"version-history":[{"count":25,"href":"https:\/\/kundeservice.admmit.no\/index.php?rest_route=\/wp\/v2\/pages\/349\/revisions"}],"predecessor-version":[{"id":1011,"href":"https:\/\/kundeservice.admmit.no\/index.php?rest_route=\/wp\/v2\/pages\/349\/revisions\/1011"}],"wp:attachment":[{"href":"https:\/\/kundeservice.admmit.no\/index.php?rest_route=%2Fwp%2Fv2%2Fmedia&parent=349"}],"curies":[{"name":"wp","href":"https:\/\/api.w.org\/{rel}","templated":true}]}}