{"id":365,"date":"2024-02-12T13:19:12","date_gmt":"2024-02-12T12:19:12","guid":{"rendered":"https:\/\/kundeservice.admmit.no\/?page_id=365"},"modified":"2024-05-14T08:23:54","modified_gmt":"2024-05-14T06:23:54","slug":"sende-meldinger","status":"publish","type":"page","link":"https:\/\/kundeservice.admmit.no\/?page_id=365","title":{"rendered":"Sende meldinger"},"content":{"rendered":"\n<p>\u00d8verst til h\u00f8yre har du et meldingsverkt\u00f8y hvor du kan sende meldinger internt i AdmMit og videresende meldinger via SMS (kostnad pr SMS).<\/p>\n\n\n\n<figure class=\"wp-block-image size-large\"><img data-recalc-dims=\"1\" fetchpriority=\"high\" decoding=\"async\" width=\"730\" height=\"207\" data-attachment-id=\"1229\" data-permalink=\"https:\/\/kundeservice.admmit.no\/?attachment_id=1229\" data-orig-file=\"https:\/\/i0.wp.com\/kundeservice.admmit.no\/wp-content\/uploads\/2024\/05\/Meldinger-2.png?fit=1097%2C311&amp;ssl=1\" data-orig-size=\"1097,311\" data-comments-opened=\"0\" data-image-meta=\"{&quot;aperture&quot;:&quot;0&quot;,&quot;credit&quot;:&quot;&quot;,&quot;camera&quot;:&quot;&quot;,&quot;caption&quot;:&quot;&quot;,&quot;created_timestamp&quot;:&quot;0&quot;,&quot;copyright&quot;:&quot;&quot;,&quot;focal_length&quot;:&quot;0&quot;,&quot;iso&quot;:&quot;0&quot;,&quot;shutter_speed&quot;:&quot;0&quot;,&quot;title&quot;:&quot;&quot;,&quot;orientation&quot;:&quot;0&quot;}\" data-image-title=\"Meldinger-2\" data-image-description=\"\" data-image-caption=\"\" data-large-file=\"https:\/\/i0.wp.com\/kundeservice.admmit.no\/wp-content\/uploads\/2024\/05\/Meldinger-2.png?fit=730%2C207&amp;ssl=1\" src=\"https:\/\/i0.wp.com\/kundeservice.admmit.no\/wp-content\/uploads\/2024\/05\/Meldinger-2.png?resize=730%2C207&#038;ssl=1\" alt=\"\" class=\"wp-image-1229\" srcset=\"https:\/\/i0.wp.com\/kundeservice.admmit.no\/wp-content\/uploads\/2024\/05\/Meldinger-2.png?resize=1024%2C290&amp;ssl=1 1024w, https:\/\/i0.wp.com\/kundeservice.admmit.no\/wp-content\/uploads\/2024\/05\/Meldinger-2.png?resize=300%2C85&amp;ssl=1 300w, https:\/\/i0.wp.com\/kundeservice.admmit.no\/wp-content\/uploads\/2024\/05\/Meldinger-2.png?resize=768%2C218&amp;ssl=1 768w, https:\/\/i0.wp.com\/kundeservice.admmit.no\/wp-content\/uploads\/2024\/05\/Meldinger-2.png?resize=900%2C255&amp;ssl=1 900w, https:\/\/i0.wp.com\/kundeservice.admmit.no\/wp-content\/uploads\/2024\/05\/Meldinger-2.png?resize=260%2C74&amp;ssl=1 260w, https:\/\/i0.wp.com\/kundeservice.admmit.no\/wp-content\/uploads\/2024\/05\/Meldinger-2.png?w=1097&amp;ssl=1 1097w\" sizes=\"(max-width: 730px) 100vw, 730px\" \/><\/figure>\n\n\n\n<p>\u00d8nsker du \u00e5 sende samme melding til flere mottakere, trykk p\u00e5 \u201c<strong><a href=\"https:\/\/kundeservice.admmit.no\/?page_id=366\" data-type=\"page\" data-id=\"366\"><mark style=\"background-color:rgba(0, 0, 0, 0)\" class=\"has-inline-color has-vivid-cyan-blue-color\">Meldingsgrupper<\/mark><\/a><\/strong>\u201d. Legg til navn og s\u00f8k p\u00e5 ansatte basert p\u00e5 avdeling. For \u00e5 legge til trykker du p\u00e5 ansatte i venstre boks og trykker p\u00e5 pil bort for \u00e5 legge til i aktiv meldingsgruppe til h\u00f8yre. Hold \u201c<strong>Ctrl<\/strong>\u201d for \u00e5 legge til flere navn om gangen. Hold \u201c<strong>Shift<\/strong>\u201d for \u00e5 markere alle mellom to ansatte.<\/p>\n\n\n\n<p>\u00d8nsker du en fast utforming p\u00e5 dine meldinger, kan du opprette \u201c<strong><a href=\"https:\/\/kundeservice.admmit.no\/?page_id=367\" data-type=\"page\" data-id=\"367\"><mark style=\"background-color:rgba(0, 0, 0, 0)\" class=\"has-inline-color has-vivid-cyan-blue-color\">Meldingsmaler<\/mark><\/a><\/strong>\u201d, legg inn navn p\u00e5 malen din, og skriv inn i melding hvordan du \u00f8nsker utformingen skal se ut. Trykk lagre, administrer maler nederst p\u00e5 siden ved \u00e5 trykke p\u00e5 redigeringsknappen eller slett knappen.<\/p>\n\n\n\n<p>For \u00e5 sende melding, trykk \u201c<strong>Ny melding<\/strong>\u201d og velg enten mottaker, avdeling eller meldingsgruppe. Du kan ogs\u00e5 huke av for \u00e5 sende via SMS (kostnad pr SMS) og laste opp dokumenter via vedlegg.<\/p>\n\n\n\n<p>Skriv s\u00e5 meldingen din, eller bruk en mal. Huk av om den skal markeres som viktig (mottaker f\u00e5r opp melding p\u00e5 sitt dashbord som viktig informasjon). Trykk s\u00e5 &#8220;<strong>send<\/strong>&#8220;. Da vil et tall dukke opp over meldingsikonet neste gang mottakeren logger seg inn.<\/p>\n\n\n\n<p>I utboksen kan du se status p\u00e5 dine meldinger, om de er sendt og om de er lest av mottakeren.<\/p>\n\n\n\n<p>Du kan ogs\u00e5 se en video p\u00e5 hvordan det kan gj\u00f8res:<br><a href=\"https:\/\/www.canva.com\/design\/DAF63roIZ5s\/KhAuydOUhHqUha2Q8mhIYw\/watch?utm_content=DAF63roIZ5s&amp;utm_campaign=designshare&amp;utm_medium=link&amp;utm_source=editor\" target=\"_blank\" rel=\"noreferrer noopener\"><mark style=\"background-color:rgba(0, 0, 0, 0)\" class=\"has-inline-color has-vivid-cyan-blue-color\"><strong>Meldinger og intern kommunikasjon<\/strong><\/mark><\/a><\/p>\n\n\n<div class=\"frm_forms  with_frm_style frm_style_formidable-style\" id=\"frm_form_2_container\" data-token=\"a466ff7dc6d42a2df68f985fe2624bf5\">\n<form enctype=\"multipart\/form-data\" method=\"post\" class=\"frm-show-form \" id=\"form_var-denne-veiledningen-nyttig\" data-token=\"a466ff7dc6d42a2df68f985fe2624bf5\">\n<div class=\"frm_form_fields \">\n<fieldset>\n<legend class=\"frm_screen_reader\">Var denne veiledningen nyttig?<\/legend>\r\n\r\n<div class=\"frm_fields_container\">\n<input type=\"hidden\" name=\"frm_action\" value=\"create\" \/>\n<input type=\"hidden\" name=\"form_id\" value=\"2\" \/>\n<input type=\"hidden\" name=\"frm_hide_fields_2\" id=\"frm_hide_fields_2\" value=\"\" \/>\n<input type=\"hidden\" name=\"form_key\" value=\"var-denne-veiledningen-nyttig\" \/>\n<input type=\"hidden\" name=\"item_meta[0]\" value=\"\" \/>\n<input type=\"hidden\" id=\"frm_submit_entry_2\" name=\"frm_submit_entry_2\" value=\"7f0d8c9539\" \/><input type=\"hidden\" name=\"_wp_http_referer\" value=\"\/index.php?rest_route=%2Fwp%2Fv2%2Fpages%2F365\" \/><div id=\"frm_field_7_container\" class=\"frm_form_field form-field  frm_top_container vertical_radio\">\r\n    <div  id=\"field_5hpzl_label\" class=\"frm_primary_label\">Var denne veiledningen nyttig?\r\n        <span class=\"frm_required\" aria-hidden=\"true\"><\/span>\r\n    <\/div>\r\n    <div class=\"frm_opt_container\" aria-labelledby=\"field_5hpzl_label\" role=\"radiogroup\">\t\t<div class=\"frm_radio\" id=\"frm_radio_7-0\">\t\t\t<label  for=\"field_5hpzl-0\">\n\t\t\t\t\t<input type=\"radio\" name=\"item_meta[7]\" id=\"field_5hpzl-0\" value=\"Ja\"\n\t\t data-invmsg=\"Var denne veiledningen nyttig? is invalid\"   \/> Ja<\/label><\/div>\n\t\t<div class=\"frm_radio\" id=\"frm_radio_7-1\">\t\t\t<label  for=\"field_5hpzl-1\">\n\t\t\t\t\t<input type=\"radio\" name=\"item_meta[7]\" id=\"field_5hpzl-1\" value=\"Nei\"\n\t\t data-invmsg=\"Var denne veiledningen nyttig? is invalid\"   \/> Nei<\/label><\/div>\n<\/div>\r\n    \r\n    \r\n<\/div>\n<div id=\"frm_field_12_container\" class=\"frm_form_field form-field \">\n\t<div class=\"frm_submit frm_flex\">\r\n<button class=\"frm_button_submit\" type=\"submit\"  >Takk for tilbakemelding<\/button>\r\n\r\n\r\n\r\n<\/div>\n<\/div>\n\t<input type=\"hidden\" name=\"item_key\" value=\"\" \/>\n\t\t\t<div id=\"frm_field_13_container\">\n\t\t\t<label for=\"field_10dzy\" >\n\t\t\t\tIf you are human, leave this field blank.\t\t\t<\/label>\n\t\t\t<input  id=\"field_10dzy\" type=\"text\" class=\"frm_form_field form-field frm_verify\" name=\"item_meta[13]\" value=\"\"  \/>\n\t\t<\/div>\n\t\t<input name=\"frm_state\" type=\"hidden\" value=\"L6SFjAD1LrmJVrySNQZesLeRRJtbaS3WyNRrKhxBu28=\" \/><\/div>\n<\/fieldset>\n<\/div>\n\n<p style=\"display: none !important;\" class=\"akismet-fields-container\" data-prefix=\"ak_\"><label>&#916;<textarea name=\"ak_hp_textarea\" cols=\"45\" rows=\"8\" maxlength=\"100\"><\/textarea><\/label><input type=\"hidden\" id=\"ak_js_1\" name=\"ak_js\" value=\"40\"\/><script>document.getElementById( \"ak_js_1\" ).setAttribute( \"value\", ( new Date() ).getTime() );<\/script><\/p><\/form>\n<\/div>\n\n","protected":false},"excerpt":{"rendered":"<p>\u00d8verst til h\u00f8yre har du et meldingsverkt\u00f8y hvor du kan sende meldinger internt i AdmMit og videresende meldinger via SMS (kostnad pr SMS). \u00d8nsker du \u00e5 sende samme melding til flere mottakere, trykk p\u00e5 \u201cMeldingsgrupper\u201d. Legg til navn og s\u00f8k p\u00e5 ansatte basert p\u00e5 avdeling. For \u00e5 legge til trykker du p\u00e5 ansatte i venstre&hellip; <a href=\"https:\/\/kundeservice.admmit.no\/?page_id=365\" class=\"more-link\">Continue reading <span class=\"screen-reader-text\">Sende meldinger<\/span><\/a><\/p>\n","protected":false},"author":240207110,"featured_media":0,"parent":0,"menu_order":0,"comment_status":"closed","ping_status":"closed","template":"","meta":{"inline_featured_image":false,"advanced_seo_description":"","jetpack_seo_html_title":"","jetpack_seo_noindex":false,"footnotes":""},"class_list":["post-365","page","type-page","status-publish","hentry"],"jetpack_shortlink":"https:\/\/wp.me\/Pf9TLW-5T","_links":{"self":[{"href":"https:\/\/kundeservice.admmit.no\/index.php?rest_route=\/wp\/v2\/pages\/365","targetHints":{"allow":["GET"]}}],"collection":[{"href":"https:\/\/kundeservice.admmit.no\/index.php?rest_route=\/wp\/v2\/pages"}],"about":[{"href":"https:\/\/kundeservice.admmit.no\/index.php?rest_route=\/wp\/v2\/types\/page"}],"author":[{"embeddable":true,"href":"https:\/\/kundeservice.admmit.no\/index.php?rest_route=\/wp\/v2\/users\/240207110"}],"replies":[{"embeddable":true,"href":"https:\/\/kundeservice.admmit.no\/index.php?rest_route=%2Fwp%2Fv2%2Fcomments&post=365"}],"version-history":[{"count":17,"href":"https:\/\/kundeservice.admmit.no\/index.php?rest_route=\/wp\/v2\/pages\/365\/revisions"}],"predecessor-version":[{"id":1231,"href":"https:\/\/kundeservice.admmit.no\/index.php?rest_route=\/wp\/v2\/pages\/365\/revisions\/1231"}],"wp:attachment":[{"href":"https:\/\/kundeservice.admmit.no\/index.php?rest_route=%2Fwp%2Fv2%2Fmedia&parent=365"}],"curies":[{"name":"wp","href":"https:\/\/api.w.org\/{rel}","templated":true}]}}