{"id":367,"date":"2024-02-12T13:19:12","date_gmt":"2024-02-12T12:19:12","guid":{"rendered":"https:\/\/kundeservice.admmit.no\/?page_id=367"},"modified":"2024-05-16T09:29:55","modified_gmt":"2024-05-16T07:29:55","slug":"opprette-meldingsmaler","status":"publish","type":"page","link":"https:\/\/kundeservice.admmit.no\/?page_id=367","title":{"rendered":"Opprette meldingsmaler"},"content":{"rendered":"\n<p>For \u00e5 lage en standard utforming p\u00e5 dine meldinger, kan du opprette meldingsmaler.<\/p>\n\n\n\n<ol class=\"wp-block-list\">\n<li>Trykk p\u00e5&nbsp;<strong>meldingsikonet&nbsp;<\/strong>oppe til h\u00f8yre \ud83d\udce9<\/li>\n\n\n\n<li>Trykk p\u00e5 \u201c<strong>meldingsmaler<\/strong>\u201c<\/li>\n\n\n\n<li>Legg til navn p\u00e5 malen din<\/li>\n\n\n\n<li>Legg til \u00f8nsket melding<\/li>\n\n\n\n<li>Trykk &#8220;<strong>Lagre<\/strong>&#8220;<\/li>\n\n\n\n<li>Da vil malen din dukke opp i oversikten nedenfor, her kan du trykke p\u00e5 den oransje redigeringsknappen for \u00e5 endre ytterligere eller trykke p\u00e5 den r\u00f8de X knappen for \u00e5 slette gruppen.<\/li>\n<\/ol>\n\n\n\n<p><\/p>\n\n\n<div class=\"frm_forms  with_frm_style frm_style_formidable-style\" id=\"frm_form_2_container\" data-token=\"bf88fd698600dd4acb02bed4ab0b2907\">\n<form enctype=\"multipart\/form-data\" method=\"post\" class=\"frm-show-form \" id=\"form_var-denne-veiledningen-nyttig\" data-token=\"bf88fd698600dd4acb02bed4ab0b2907\">\n<div class=\"frm_form_fields \">\n<fieldset>\n<legend class=\"frm_screen_reader\">Var denne veiledningen nyttig?<\/legend>\r\n\r\n<div class=\"frm_fields_container\">\n<input type=\"hidden\" name=\"frm_action\" value=\"create\" \/>\n<input type=\"hidden\" name=\"form_id\" value=\"2\" \/>\n<input type=\"hidden\" name=\"frm_hide_fields_2\" id=\"frm_hide_fields_2\" value=\"\" \/>\n<input type=\"hidden\" name=\"form_key\" value=\"var-denne-veiledningen-nyttig\" \/>\n<input type=\"hidden\" name=\"item_meta[0]\" value=\"\" \/>\n<input type=\"hidden\" id=\"frm_submit_entry_2\" name=\"frm_submit_entry_2\" value=\"90675e2ff2\" \/><input type=\"hidden\" name=\"_wp_http_referer\" value=\"\/index.php?rest_route=%2Fwp%2Fv2%2Fpages%2F367\" \/><div id=\"frm_field_7_container\" class=\"frm_form_field form-field  frm_top_container vertical_radio\">\r\n    <div  id=\"field_5hpzl_label\" class=\"frm_primary_label\">Var denne veiledningen nyttig?\r\n        <span class=\"frm_required\" aria-hidden=\"true\"><\/span>\r\n    <\/div>\r\n    <div class=\"frm_opt_container\" aria-labelledby=\"field_5hpzl_label\" role=\"radiogroup\">\t\t<div class=\"frm_radio\" id=\"frm_radio_7-0\">\t\t\t<label  for=\"field_5hpzl-0\">\n\t\t\t\t\t<input type=\"radio\" name=\"item_meta[7]\" id=\"field_5hpzl-0\" value=\"Ja\"\n\t\t data-invmsg=\"Var denne veiledningen nyttig? is invalid\"   \/> Ja<\/label><\/div>\n\t\t<div class=\"frm_radio\" id=\"frm_radio_7-1\">\t\t\t<label  for=\"field_5hpzl-1\">\n\t\t\t\t\t<input type=\"radio\" name=\"item_meta[7]\" id=\"field_5hpzl-1\" value=\"Nei\"\n\t\t data-invmsg=\"Var denne veiledningen nyttig? is invalid\"   \/> Nei<\/label><\/div>\n<\/div>\r\n    \r\n    \r\n<\/div>\n<div id=\"frm_field_12_container\" class=\"frm_form_field form-field \">\n\t<div class=\"frm_submit frm_flex\">\r\n<button class=\"frm_button_submit\" type=\"submit\"  >Takk for tilbakemelding<\/button>\r\n\r\n\r\n\r\n<\/div>\n<\/div>\n\t<input type=\"hidden\" name=\"item_key\" value=\"\" \/>\n\t\t\t<div id=\"frm_field_13_container\">\n\t\t\t<label for=\"field_vyi5u\" >\n\t\t\t\tIf you are human, leave this field blank.\t\t\t<\/label>\n\t\t\t<input  id=\"field_vyi5u\" type=\"text\" class=\"frm_form_field form-field frm_verify\" name=\"item_meta[13]\" value=\"\"  \/>\n\t\t<\/div>\n\t\t<input name=\"frm_state\" type=\"hidden\" value=\"L6SFjAD1LrmJVrySNQZesLeRRJtbaS3WyNRrKhxBu28=\" \/><\/div>\n<\/fieldset>\n<\/div>\n\n<p style=\"display: none !important;\" class=\"akismet-fields-container\" data-prefix=\"ak_\"><label>&#916;<textarea name=\"ak_hp_textarea\" cols=\"45\" rows=\"8\" maxlength=\"100\"><\/textarea><\/label><input type=\"hidden\" id=\"ak_js_1\" name=\"ak_js\" value=\"170\"\/><script>document.getElementById( \"ak_js_1\" ).setAttribute( \"value\", ( new Date() ).getTime() );<\/script><\/p><\/form>\n<\/div>\n\n","protected":false},"excerpt":{"rendered":"<p>For \u00e5 lage en standard utforming p\u00e5 dine meldinger, kan du opprette meldingsmaler.<\/p>\n","protected":false},"author":240207110,"featured_media":0,"parent":0,"menu_order":0,"comment_status":"closed","ping_status":"closed","template":"","meta":{"inline_featured_image":false,"advanced_seo_description":"","jetpack_seo_html_title":"","jetpack_seo_noindex":false,"footnotes":""},"class_list":["post-367","page","type-page","status-publish","hentry"],"jetpack_shortlink":"https:\/\/wp.me\/Pf9TLW-5V","_links":{"self":[{"href":"https:\/\/kundeservice.admmit.no\/index.php?rest_route=\/wp\/v2\/pages\/367","targetHints":{"allow":["GET"]}}],"collection":[{"href":"https:\/\/kundeservice.admmit.no\/index.php?rest_route=\/wp\/v2\/pages"}],"about":[{"href":"https:\/\/kundeservice.admmit.no\/index.php?rest_route=\/wp\/v2\/types\/page"}],"author":[{"embeddable":true,"href":"https:\/\/kundeservice.admmit.no\/index.php?rest_route=\/wp\/v2\/users\/240207110"}],"replies":[{"embeddable":true,"href":"https:\/\/kundeservice.admmit.no\/index.php?rest_route=%2Fwp%2Fv2%2Fcomments&post=367"}],"version-history":[{"count":8,"href":"https:\/\/kundeservice.admmit.no\/index.php?rest_route=\/wp\/v2\/pages\/367\/revisions"}],"predecessor-version":[{"id":1428,"href":"https:\/\/kundeservice.admmit.no\/index.php?rest_route=\/wp\/v2\/pages\/367\/revisions\/1428"}],"wp:attachment":[{"href":"https:\/\/kundeservice.admmit.no\/index.php?rest_route=%2Fwp%2Fv2%2Fmedia&parent=367"}],"curies":[{"name":"wp","href":"https:\/\/api.w.org\/{rel}","templated":true}]}}