{"id":386,"date":"2024-02-12T13:22:27","date_gmt":"2024-02-12T12:22:27","guid":{"rendered":"https:\/\/kundeservice.admmit.no\/?page_id=386"},"modified":"2025-03-04T13:17:14","modified_gmt":"2025-03-04T12:17:14","slug":"ansattkortet","status":"publish","type":"page","link":"https:\/\/kundeservice.admmit.no\/?page_id=386","title":{"rendered":"Ansattkortet"},"content":{"rendered":"\n<p>P\u00e5 ansattkortet administrerer du alt av informasjon p\u00e5 dine ansatte. Her styrer du om de skal v\u00e6re aktive, hvilke tilganger de skal ha og gir deg mulighet for \u00e5 sende ut passordlinker. <\/p>\n\n\n\n<p>For \u00e5 komme til ansattkortet trykker du p\u00e5 &#8220;<strong>meny<\/strong>&#8221; og fanen &#8220;<strong>ansatte<\/strong>&#8220;. Da kommer du til ansattoversikten. Her kan du s\u00f8ke via ulike felt for \u00e5 finne aktuell ansatt, helt til h\u00f8yre kan du s\u00f8ke eksempelvis p\u00e5 navn. Trykk &#8220;<strong>s\u00f8k<\/strong>&#8221; og trykk p\u00e5 navnet til den ansatte for \u00e5 komme til <strong>ansattkortet<\/strong>.<\/p>\n\n\n\n<p>Her kan du:<br><strong>Redigere<\/strong> ved \u00e5 trykke p\u00e5 den oransje redigeringsknappen<br><strong>Slette ansatt<\/strong> ved \u00e5 trykke p\u00e5 den r\u00f8de s\u00f8ppeldunkknappen (anbefaler bare sletting ved feil registrering)<br><strong>Sende passordlink<\/strong> ved \u00e5 trykke p\u00e5 den bl\u00e5 papirflyknappen<\/p>\n\n\n\n<p>Vi anbefaler \u00e5 sette brukere som inaktive hvis de slutter, sletting b\u00f8r kun brukes der hvor det er registrert feil manuelt eller lignende. Du betaler ikke for inaktive brukere \ud83d\ude0a<\/p>\n\n\n\n<figure class=\"wp-block-image size-full is-resized\"><img data-recalc-dims=\"1\" fetchpriority=\"high\" decoding=\"async\" width=\"730\" height=\"304\" data-attachment-id=\"1040\" data-permalink=\"https:\/\/kundeservice.admmit.no\/?attachment_id=1040\" data-orig-file=\"https:\/\/i0.wp.com\/kundeservice.admmit.no\/wp-content\/uploads\/2024\/02\/Steg-for-steg-guide-23.jpg?fit=840%2C350&amp;ssl=1\" data-orig-size=\"840,350\" data-comments-opened=\"0\" data-image-meta=\"{&quot;aperture&quot;:&quot;0&quot;,&quot;credit&quot;:&quot;&quot;,&quot;camera&quot;:&quot;&quot;,&quot;caption&quot;:&quot;&quot;,&quot;created_timestamp&quot;:&quot;0&quot;,&quot;copyright&quot;:&quot;&quot;,&quot;focal_length&quot;:&quot;0&quot;,&quot;iso&quot;:&quot;0&quot;,&quot;shutter_speed&quot;:&quot;0&quot;,&quot;title&quot;:&quot;&quot;,&quot;orientation&quot;:&quot;1&quot;}\" data-image-title=\"Steg-for-steg-guide-23\" data-image-description=\"\" data-image-caption=\"\" data-large-file=\"https:\/\/i0.wp.com\/kundeservice.admmit.no\/wp-content\/uploads\/2024\/02\/Steg-for-steg-guide-23.jpg?fit=730%2C304&amp;ssl=1\" src=\"https:\/\/i0.wp.com\/kundeservice.admmit.no\/wp-content\/uploads\/2024\/02\/Steg-for-steg-guide-23.jpg?resize=730%2C304&#038;ssl=1\" alt=\"\" class=\"wp-image-1040\" style=\"width:666px;height:auto\" srcset=\"https:\/\/i0.wp.com\/kundeservice.admmit.no\/wp-content\/uploads\/2024\/02\/Steg-for-steg-guide-23.jpg?w=840&amp;ssl=1 840w, https:\/\/i0.wp.com\/kundeservice.admmit.no\/wp-content\/uploads\/2024\/02\/Steg-for-steg-guide-23.jpg?resize=300%2C125&amp;ssl=1 300w, https:\/\/i0.wp.com\/kundeservice.admmit.no\/wp-content\/uploads\/2024\/02\/Steg-for-steg-guide-23.jpg?resize=768%2C320&amp;ssl=1 768w, https:\/\/i0.wp.com\/kundeservice.admmit.no\/wp-content\/uploads\/2024\/02\/Steg-for-steg-guide-23.jpg?resize=260%2C108&amp;ssl=1 260w\" sizes=\"(max-width: 730px) 100vw, 730px\" \/><\/figure>\n\n\n\n<p>I menyen kan du legge til p\u00e5r\u00f8rende, kompetanse, arbeidsplan, kurs, dokumenter, frav\u00e6r. De ansatte kan selv fylle inn p\u00e5r\u00f8rende, e-post, adresse, endre passord og profilbilde gjennom <a href=\"https:\/\/kundeservice.admmit.no\/?page_id=369\" data-type=\"page\" data-id=\"369\"><mark style=\"background-color:rgba(0, 0, 0, 0)\" class=\"has-inline-color has-vivid-cyan-blue-color\">Min profil<\/mark><\/a>.<\/p>\n\n\n\n<p class=\"has-medium-font-size\">Trykk p\u00e5 redigeringsknappen for \u00e5 legge til brukernavn: tlf nr eller epost (brukes mot innlogging), arbeidsregel, stillingsprosent, ansattnr, type stilling, ukentlige timer og kj\u00f8nn. <\/p>\n\n\n\n<p>Alle felt du legger inn her kan du eksportere til Excel fra ansattoversikten. Nyttig hvis \u00f8nsker \u00e5 bestille kl\u00e6r eller se ulike oversikter over dine ansatte.<\/p>\n\n\n\n<p>Huk ogs\u00e5 av under rollen \u201c<strong>ansatt<\/strong>\u201d for \u00e5 gi vanlige tilganger. Se link for en utvidet forklaring p\u00e5 <a href=\"https:\/\/kundeservice.admmit.no\/?page_id=387\" data-type=\"page\" data-id=\"387\"><mark style=\"background-color:rgba(0, 0, 0, 0)\" class=\"has-inline-color has-vivid-cyan-blue-color\">roller<\/mark><\/a>. Nederst p\u00e5 siden finner du \u201c<strong>Lagre<\/strong>\u201d knappen.<\/p>\n\n\n<div class=\"frm_forms  with_frm_style frm_style_formidable-style\" id=\"frm_form_2_container\" data-token=\"a466ff7dc6d42a2df68f985fe2624bf5\">\n<form enctype=\"multipart\/form-data\" method=\"post\" class=\"frm-show-form \" id=\"form_var-denne-veiledningen-nyttig\" data-token=\"a466ff7dc6d42a2df68f985fe2624bf5\">\n<div class=\"frm_form_fields \">\n<fieldset>\n<legend class=\"frm_screen_reader\">Var denne veiledningen nyttig?<\/legend>\r\n\r\n<div class=\"frm_fields_container\">\n<input type=\"hidden\" name=\"frm_action\" value=\"create\" \/>\n<input type=\"hidden\" name=\"form_id\" value=\"2\" \/>\n<input type=\"hidden\" name=\"frm_hide_fields_2\" id=\"frm_hide_fields_2\" value=\"\" \/>\n<input type=\"hidden\" name=\"form_key\" value=\"var-denne-veiledningen-nyttig\" \/>\n<input type=\"hidden\" name=\"item_meta[0]\" value=\"\" \/>\n<input type=\"hidden\" id=\"frm_submit_entry_2\" name=\"frm_submit_entry_2\" value=\"7f0d8c9539\" \/><input type=\"hidden\" name=\"_wp_http_referer\" value=\"\/index.php?rest_route=%2Fwp%2Fv2%2Fpages%2F386\" \/><div id=\"frm_field_7_container\" class=\"frm_form_field form-field  frm_top_container vertical_radio\">\r\n    <div  id=\"field_5hpzl_label\" class=\"frm_primary_label\">Var denne veiledningen nyttig?\r\n        <span class=\"frm_required\" aria-hidden=\"true\"><\/span>\r\n    <\/div>\r\n    <div class=\"frm_opt_container\" aria-labelledby=\"field_5hpzl_label\" role=\"radiogroup\">\t\t<div class=\"frm_radio\" id=\"frm_radio_7-0\">\t\t\t<label  for=\"field_5hpzl-0\">\n\t\t\t\t\t<input type=\"radio\" name=\"item_meta[7]\" id=\"field_5hpzl-0\" value=\"Ja\"\n\t\t data-invmsg=\"Var denne veiledningen nyttig? is invalid\"   \/> Ja<\/label><\/div>\n\t\t<div class=\"frm_radio\" id=\"frm_radio_7-1\">\t\t\t<label  for=\"field_5hpzl-1\">\n\t\t\t\t\t<input type=\"radio\" name=\"item_meta[7]\" id=\"field_5hpzl-1\" value=\"Nei\"\n\t\t data-invmsg=\"Var denne veiledningen nyttig? is invalid\"   \/> Nei<\/label><\/div>\n<\/div>\r\n    \r\n    \r\n<\/div>\n<div id=\"frm_field_12_container\" class=\"frm_form_field form-field \">\n\t<div class=\"frm_submit frm_flex\">\r\n<button class=\"frm_button_submit\" type=\"submit\"  >Takk for tilbakemelding<\/button>\r\n\r\n\r\n\r\n<\/div>\n<\/div>\n\t<input type=\"hidden\" name=\"item_key\" value=\"\" \/>\n\t\t\t<div id=\"frm_field_13_container\">\n\t\t\t<label for=\"field_er933\" >\n\t\t\t\tIf you are human, leave this field blank.\t\t\t<\/label>\n\t\t\t<input  id=\"field_er933\" type=\"text\" class=\"frm_form_field form-field frm_verify\" name=\"item_meta[13]\" value=\"\"  \/>\n\t\t<\/div>\n\t\t<input name=\"frm_state\" type=\"hidden\" value=\"L6SFjAD1LrmJVrySNQZesLeRRJtbaS3WyNRrKhxBu28=\" \/><\/div>\n<\/fieldset>\n<\/div>\n\n<p style=\"display: none !important;\" class=\"akismet-fields-container\" data-prefix=\"ak_\"><label>&#916;<textarea name=\"ak_hp_textarea\" cols=\"45\" rows=\"8\" maxlength=\"100\"><\/textarea><\/label><input type=\"hidden\" id=\"ak_js_1\" name=\"ak_js\" value=\"178\"\/><script>document.getElementById( \"ak_js_1\" ).setAttribute( \"value\", ( new Date() ).getTime() );<\/script><\/p><\/form>\n<\/div>\n\n","protected":false},"excerpt":{"rendered":"<p>P\u00e5 ansattkortet administrerer du alt av informasjon p\u00e5 dine ansatte. Her styrer du om de skal v\u00e6re aktive, hvilke tilganger de skal ha og gir deg mulighet for \u00e5 sende ut passordlinker. For \u00e5 komme til ansattkortet trykker du p\u00e5 &#8220;meny&#8221; og fanen &#8220;ansatte&#8220;. Da kommer du til ansattoversikten. Her kan du s\u00f8ke via ulike&hellip; <a href=\"https:\/\/kundeservice.admmit.no\/?page_id=386\" class=\"more-link\">Continue reading <span class=\"screen-reader-text\">Ansattkortet<\/span><\/a><\/p>\n","protected":false},"author":240207110,"featured_media":0,"parent":0,"menu_order":0,"comment_status":"closed","ping_status":"closed","template":"","meta":{"inline_featured_image":false,"advanced_seo_description":"","jetpack_seo_html_title":"","jetpack_seo_noindex":false,"footnotes":""},"class_list":["post-386","page","type-page","status-publish","hentry"],"jetpack_shortlink":"https:\/\/wp.me\/Pf9TLW-6e","_links":{"self":[{"href":"https:\/\/kundeservice.admmit.no\/index.php?rest_route=\/wp\/v2\/pages\/386","targetHints":{"allow":["GET"]}}],"collection":[{"href":"https:\/\/kundeservice.admmit.no\/index.php?rest_route=\/wp\/v2\/pages"}],"about":[{"href":"https:\/\/kundeservice.admmit.no\/index.php?rest_route=\/wp\/v2\/types\/page"}],"author":[{"embeddable":true,"href":"https:\/\/kundeservice.admmit.no\/index.php?rest_route=\/wp\/v2\/users\/240207110"}],"replies":[{"embeddable":true,"href":"https:\/\/kundeservice.admmit.no\/index.php?rest_route=%2Fwp%2Fv2%2Fcomments&post=386"}],"version-history":[{"count":31,"href":"https:\/\/kundeservice.admmit.no\/index.php?rest_route=\/wp\/v2\/pages\/386\/revisions"}],"predecessor-version":[{"id":2454,"href":"https:\/\/kundeservice.admmit.no\/index.php?rest_route=\/wp\/v2\/pages\/386\/revisions\/2454"}],"wp:attachment":[{"href":"https:\/\/kundeservice.admmit.no\/index.php?rest_route=%2Fwp%2Fv2%2Fmedia&parent=386"}],"curies":[{"name":"wp","href":"https:\/\/api.w.org\/{rel}","templated":true}]}}