{"id":387,"date":"2024-02-12T13:22:27","date_gmt":"2024-02-12T12:22:27","guid":{"rendered":"https:\/\/kundeservice.admmit.no\/?page_id=387"},"modified":"2025-03-04T11:14:07","modified_gmt":"2025-03-04T10:14:07","slug":"roller-og-rettigheter","status":"publish","type":"page","link":"https:\/\/kundeservice.admmit.no\/?page_id=387","title":{"rendered":"Roller og rettigheter"},"content":{"rendered":"\n<p>Du kan administrere roller ved \u00e5 trykke p\u00e5 redigeringsknappen p\u00e5 <a href=\"https:\/\/kundeservice.admmit.no\/?page_id=386\" data-type=\"page\" data-id=\"386\"><mark style=\"background-color:rgba(0, 0, 0, 0)\" class=\"has-inline-color has-vivid-cyan-blue-color\">ansattkortet<\/mark><\/a>. For \u00e5 kunne endre rollene til andre ansatte trenger du selv rollen &#8220;<strong>administrator<\/strong>&#8221; eller &#8220;<strong>personal<\/strong>&#8220;.<\/p>\n\n\n\n<p>Administrator rollen gir tilgang til alt og medf\u00f8rer ekstra kostnad. Dermed kan det v\u00e6re fornuftig \u00e5 huke av rollen &#8220;<strong>personal<\/strong>&#8221; til andre ansatte som skal administrere ansatte.<\/p>\n\n\n\n<p>De fleste ansatte beh\u00f8ver bare rollen &#8220;<strong>ansatt<\/strong>&#8220;. Den gir tilgang til Timeregistrering, HMSK, Min side og kart. <\/p>\n\n\n\n<p>Rollen &#8220;<strong>underleverand\u00f8r<\/strong>&#8221; gir samme tilgang som ansatt, men har begrenset tilgang til HMSK. Rollen &#8220;<strong>leder<\/strong>&#8221; gir mulighet for \u00e5 legge til leder til eksempelvis avdeling.<\/p>\n\n\n\n<p><strong>Administrasjonsroller <\/strong>gir utvidet tilgang til de andre modulene, og hukes av de som skal administrere og behandle informasjon i de ulike modulene. Admin-rollen gir kobling til grunndata og gir mulighet for \u00e5 <a href=\"https:\/\/kundeservice.admmit.no\/?page_id=389\" data-type=\"page\" data-id=\"389\"><mark style=\"background-color:rgba(0, 0, 0, 0)\" class=\"has-inline-color has-vivid-cyan-blue-color\">Opprette materiell<\/mark><\/a>, <a href=\"https:\/\/kundeservice.admmit.no\/?page_id=370\" data-type=\"page\" data-id=\"370\"><mark style=\"background-color:rgba(0, 0, 0, 0)\" class=\"has-inline-color has-vivid-cyan-blue-color\">Opprette avdeling<\/mark><\/a> og <a href=\"https:\/\/kundeservice.admmit.no\/?page_id=385\" data-type=\"page\" data-id=\"385\"><mark style=\"background-color:rgba(0, 0, 0, 0)\" class=\"has-inline-color has-vivid-cyan-blue-color\">Opprette brukere<\/mark><\/a>.<\/p>\n\n\n\n<p>Noen roller her har flere muligheter som eks personal:<br>&#8211; Personal<br>&#8211; Personal &#8211; begrenset tilgang<br>&#8211; Personal &#8211; lesetilgang<\/p>\n\n\n\n<p>Her er det bare n\u00f8dvendig og huke av en av de aktuelle rollene, hvis en har huket av alle 3 rollene vil bare den med minst tilgang v\u00e6re gjeldene.<\/p>\n\n\n\n<p>Ta gjerne kontakt med oss p\u00e5 support, hvis du er usikker p\u00e5 roller:<br>Tlf: 994 66 111 eller send oss en e-post: hjelp@admmit.no<\/p>\n\n\n\n<p><\/p>\n\n\n<div class=\"frm_forms  with_frm_style frm_style_formidable-style\" id=\"frm_form_2_container\" data-token=\"36714210ea1cd8459fb701efd9214781\">\n<form enctype=\"multipart\/form-data\" method=\"post\" class=\"frm-show-form \" id=\"form_var-denne-veiledningen-nyttig\" data-token=\"36714210ea1cd8459fb701efd9214781\">\n<div class=\"frm_form_fields \">\n<fieldset>\n<legend class=\"frm_screen_reader\">Var denne veiledningen nyttig?<\/legend>\r\n\r\n<div class=\"frm_fields_container\">\n<input type=\"hidden\" name=\"frm_action\" value=\"create\" \/>\n<input type=\"hidden\" name=\"form_id\" value=\"2\" \/>\n<input type=\"hidden\" name=\"frm_hide_fields_2\" id=\"frm_hide_fields_2\" value=\"\" \/>\n<input type=\"hidden\" name=\"form_key\" value=\"var-denne-veiledningen-nyttig\" \/>\n<input type=\"hidden\" name=\"item_meta[0]\" value=\"\" \/>\n<input type=\"hidden\" id=\"frm_submit_entry_2\" name=\"frm_submit_entry_2\" value=\"f92fb4bfd0\" \/><input type=\"hidden\" name=\"_wp_http_referer\" value=\"\/index.php?rest_route=%2Fwp%2Fv2%2Fpages%2F387\" \/><div id=\"frm_field_7_container\" class=\"frm_form_field form-field  frm_top_container vertical_radio\">\r\n    <div  id=\"field_5hpzl_label\" class=\"frm_primary_label\">Var denne veiledningen nyttig?\r\n        <span class=\"frm_required\" aria-hidden=\"true\"><\/span>\r\n    <\/div>\r\n    <div class=\"frm_opt_container\" aria-labelledby=\"field_5hpzl_label\" role=\"radiogroup\">\t\t<div class=\"frm_radio\" id=\"frm_radio_7-0\">\t\t\t<label  for=\"field_5hpzl-0\">\n\t\t\t\t\t<input type=\"radio\" name=\"item_meta[7]\" id=\"field_5hpzl-0\" value=\"Ja\"\n\t\t data-invmsg=\"Var denne veiledningen nyttig? is invalid\"   \/> Ja<\/label><\/div>\n\t\t<div class=\"frm_radio\" id=\"frm_radio_7-1\">\t\t\t<label  for=\"field_5hpzl-1\">\n\t\t\t\t\t<input type=\"radio\" name=\"item_meta[7]\" id=\"field_5hpzl-1\" value=\"Nei\"\n\t\t data-invmsg=\"Var denne veiledningen nyttig? is invalid\"   \/> Nei<\/label><\/div>\n<\/div>\r\n    \r\n    \r\n<\/div>\n<div id=\"frm_field_12_container\" class=\"frm_form_field form-field \">\n\t<div class=\"frm_submit frm_flex\">\r\n<button class=\"frm_button_submit\" type=\"submit\"  >Takk for tilbakemelding<\/button>\r\n\r\n\r\n\r\n<\/div>\n<\/div>\n\t<input type=\"hidden\" name=\"item_key\" value=\"\" \/>\n\t\t\t<div id=\"frm_field_13_container\">\n\t\t\t<label for=\"field_qt8ct\" >\n\t\t\t\tIf you are human, leave this field blank.\t\t\t<\/label>\n\t\t\t<input  id=\"field_qt8ct\" type=\"text\" class=\"frm_form_field form-field frm_verify\" name=\"item_meta[13]\" value=\"\"  \/>\n\t\t<\/div>\n\t\t<input name=\"frm_state\" type=\"hidden\" value=\"L6SFjAD1LrmJVrySNQZesLeRRJtbaS3WyNRrKhxBu28=\" \/><\/div>\n<\/fieldset>\n<\/div>\n\n<p style=\"display: none !important;\" class=\"akismet-fields-container\" data-prefix=\"ak_\"><label>&#916;<textarea name=\"ak_hp_textarea\" cols=\"45\" rows=\"8\" maxlength=\"100\"><\/textarea><\/label><input type=\"hidden\" id=\"ak_js_1\" name=\"ak_js\" value=\"133\"\/><script>document.getElementById( \"ak_js_1\" ).setAttribute( \"value\", ( new Date() ).getTime() );<\/script><\/p><\/form>\n<\/div>\n\n","protected":false},"excerpt":{"rendered":"<p>Du kan administrere roller ved \u00e5 trykke p\u00e5 redigeringsknappen p\u00e5 ansattkortet. For \u00e5 kunne endre rollene til andre ansatte trenger du selv rollen &#8220;administrator&#8221; eller &#8220;personal&#8220;. Administrator rollen gir tilgang til alt og medf\u00f8rer ekstra kostnad. Dermed kan det v\u00e6re fornuftig \u00e5 huke av rollen &#8220;personal&#8221; til andre ansatte som skal administrere ansatte. De fleste&hellip; <a href=\"https:\/\/kundeservice.admmit.no\/?page_id=387\" class=\"more-link\">Continue reading <span class=\"screen-reader-text\">Roller og rettigheter<\/span><\/a><\/p>\n","protected":false},"author":240207110,"featured_media":0,"parent":0,"menu_order":0,"comment_status":"closed","ping_status":"closed","template":"","meta":{"inline_featured_image":false,"advanced_seo_description":"","jetpack_seo_html_title":"","jetpack_seo_noindex":false,"footnotes":""},"class_list":["post-387","page","type-page","status-publish","hentry"],"jetpack_shortlink":"https:\/\/wp.me\/Pf9TLW-6f","_links":{"self":[{"href":"https:\/\/kundeservice.admmit.no\/index.php?rest_route=\/wp\/v2\/pages\/387","targetHints":{"allow":["GET"]}}],"collection":[{"href":"https:\/\/kundeservice.admmit.no\/index.php?rest_route=\/wp\/v2\/pages"}],"about":[{"href":"https:\/\/kundeservice.admmit.no\/index.php?rest_route=\/wp\/v2\/types\/page"}],"author":[{"embeddable":true,"href":"https:\/\/kundeservice.admmit.no\/index.php?rest_route=\/wp\/v2\/users\/240207110"}],"replies":[{"embeddable":true,"href":"https:\/\/kundeservice.admmit.no\/index.php?rest_route=%2Fwp%2Fv2%2Fcomments&post=387"}],"version-history":[{"count":29,"href":"https:\/\/kundeservice.admmit.no\/index.php?rest_route=\/wp\/v2\/pages\/387\/revisions"}],"predecessor-version":[{"id":2444,"href":"https:\/\/kundeservice.admmit.no\/index.php?rest_route=\/wp\/v2\/pages\/387\/revisions\/2444"}],"wp:attachment":[{"href":"https:\/\/kundeservice.admmit.no\/index.php?rest_route=%2Fwp%2Fv2%2Fmedia&parent=387"}],"curies":[{"name":"wp","href":"https:\/\/api.w.org\/{rel}","templated":true}]}}