{"id":422,"date":"2024-02-12T13:30:18","date_gmt":"2024-02-12T12:30:18","guid":{"rendered":"https:\/\/kundeservice.admmit.no\/?page_id=422"},"modified":"2025-05-06T08:03:53","modified_gmt":"2025-05-06T06:03:53","slug":"kjore-og-hviletid-modul","status":"publish","type":"page","link":"https:\/\/kundeservice.admmit.no\/?page_id=422","title":{"rendered":"Kj\u00f8re- og hviletid-modul"},"content":{"rendered":"\n<p>For administrasjonen og ledelsen er modulen et verkt\u00f8y som gir deg full oversikt over bedriftens bruddhistorikk og gir deg mulighet til \u00e5 <a href=\"https:\/\/kundeservice.admmit.no\/?page_id=423\" data-type=\"page\" data-id=\"995\"><mark style=\"background-color:rgba(0, 0, 0, 0)\" class=\"has-inline-color has-vivid-cyan-blue-color\">opprette bruddbrev<\/mark><\/a> og sende bruddrapporter. Det er ogs\u00e5 et nyttig verkt\u00f8y for kontroll og oppf\u00f8lgning av kj\u00f8re og hviletid.<\/p>\n\n\n\n<p>For sj\u00e5f\u00f8rene er modulen en oversikt over brudd, bruddhistorikk og bruddrapporter: I tillegg en enkel import av kj\u00f8retid som skjer automatisk gjennom kj\u00f8ret\u00f8yets fl\u00e5tesystem. Det er ogs\u00e5 mulig \u00e5 legge inn filer manuelt.<\/p>\n\n\n\n<p>Modulen kan kj\u00f8res separat eller sammen med Grunnmodul. Kombinert med Grunnmodul kan man <a href=\"https:\/\/kundeservice.admmit.no\/?page_id=995\" data-type=\"page\" data-id=\"995\"><mark style=\"background-color:rgba(0, 0, 0, 0)\" class=\"has-inline-color has-vivid-cyan-blue-color\">sammenligne timer fra skriver med timef\u00f8ring<\/mark><\/a>.<\/p>\n\n\n\n<p>For \u00e5 f\u00e5 best innf\u00f8ring i Kj\u00f8re og hviletidsmodulen anbefaler vi at du trykker deg inn p\u00e5 systemet og tester funksjonene i brukerveiledningen.<\/p>\n\n\n\n<p>Vi har ogs\u00e5 en egen <a href=\"https:\/\/kundeservice.admmit.no\/?page_id=479\" data-type=\"page\" data-id=\"479\"><mark style=\"background-color:rgba(0, 0, 0, 0)\" class=\"has-inline-color has-vivid-cyan-blue-color\">brukermanual <\/mark><\/a>hvor alt av informasjon vedr\u00f8rende til kj\u00f8re- og hviletidsmomdulen ligger.<\/p>\n\n\n\t<div\n\t\tclass=\"wp-block-newspack-blocks-homepage-articles is-style-borders wpnbha ts-4 show-category is-style-borders has-text-align-left\"\n\t\tstyle=\"\"\n\t\t>\n\t\t\t\t\t<style id=\"newspack-blocks-inline-css\" type=\"text\/css\">\t\t.wp-block-newspack-blocks-homepage-articles article .entry-title {\n\t\t\tfont-size: 1.2em;\n\t\t}\n\t\t.wp-block-newspack-blocks-homepage-articles .entry-meta {\n\t\t\tdisplay: flex;\n\t\t\tflex-wrap: wrap;\n\t\t\talign-items: center;\n\t\t\tmargin-top: 0.5em;\n\t\t}\n\t\t.wp-block-newspack-blocks-homepage-articles article .entry-meta {\n\t\t\tfont-size: 0.8em;\n\t\t}\n\t\t.wp-block-newspack-blocks-homepage-articles article .avatar {\n\t\t\theight: 25px;\n\t\t\twidth: 25px;\n\t\t}\n\t\t.wp-block-newspack-blocks-homepage-articles .post-thumbnail{\n\t\t\tmargin: 0;\n\t\t\tmargin-bottom: 0.25em;\n\t\t}\n\t\t.wp-block-newspack-blocks-homepage-articles .post-thumbnail img {\n\t\t\theight: auto;\n\t\t\twidth: 100%;\n\t\t}\n\t\t.wp-block-newspack-blocks-homepage-articles .post-thumbnail figcaption {\n\t\t\tmargin-bottom: 0.5em;\n\t\t}\n\t\t.wp-block-newspack-blocks-homepage-articles p {\n\t\t\tmargin: 0.5em 0;\n\t\t}\n\n\t\t\t<\/style>\n\t\t\t\t<div data-posts data-current-post-id=\"422\">\n\t\t\t\t\t\t\t<h2 class=\"article-section-title\">\n\t\t\t\t\t<span>Relevante artikler<\/span>\n\t\t\t\t<\/h2>\n\t\t\t\t\t\t\n\t<article data-post-id=\"423\"\n\t\tclass=\"type-page\"\n\t\t\t\t>\n\t\t\t\t\n\t\t<div class=\"entry-wrapper\">\n\t\t\t\n\t\t\t\t<div class=\"cat-links \">\n\t\t\t\t\t\t\t\t\t<\/div>\n\t\t\t\t<h3 class=\"entry-title\"><a href=\"https:\/\/kundeservice.admmit.no\/?page_id=423\" rel=\"bookmark\">Opprette bruddbrev<\/a><\/h3>\t\t\t\t\t\t<p>Fra dashbord, trykk &#8220;Meny&#8221;, &#8220;Kj\u00f8re og hviletid&#8221; og velg fanen &#8220;Bruddoversikt&#8221;, velg parameter og trykk &#8220;s\u00f8k&#8221;. Helt til h\u00f8yre kan du trykke p\u00e5: \u2139\ufe0f knappen for \u00e5 f\u00e5 mer informasjon\u2026<\/p>\n\t\t<\/div><!-- .entry-wrapper -->\n\t<\/article>\n\n\t\t\t\t<\/div>\n\t\t\n\t<\/div>\n\t\n\n\n<p><\/p>\n\n\n<div class=\"frm_forms  with_frm_style frm_style_formidable-style\" id=\"frm_form_2_container\" data-token=\"a466ff7dc6d42a2df68f985fe2624bf5\">\n<form enctype=\"multipart\/form-data\" method=\"post\" class=\"frm-show-form \" id=\"form_var-denne-veiledningen-nyttig\" data-token=\"a466ff7dc6d42a2df68f985fe2624bf5\">\n<div class=\"frm_form_fields \">\n<fieldset>\n<legend class=\"frm_screen_reader\">Var denne veiledningen nyttig?<\/legend>\r\n\r\n<div class=\"frm_fields_container\">\n<input type=\"hidden\" name=\"frm_action\" value=\"create\" \/>\n<input type=\"hidden\" name=\"form_id\" value=\"2\" \/>\n<input type=\"hidden\" name=\"frm_hide_fields_2\" id=\"frm_hide_fields_2\" value=\"\" \/>\n<input type=\"hidden\" name=\"form_key\" value=\"var-denne-veiledningen-nyttig\" \/>\n<input type=\"hidden\" name=\"item_meta[0]\" value=\"\" \/>\n<input type=\"hidden\" id=\"frm_submit_entry_2\" name=\"frm_submit_entry_2\" value=\"7f0d8c9539\" \/><input type=\"hidden\" name=\"_wp_http_referer\" value=\"\/index.php?rest_route=%2Fwp%2Fv2%2Fpages%2F422\" \/><div id=\"frm_field_7_container\" class=\"frm_form_field form-field  frm_top_container vertical_radio\">\r\n    <div  id=\"field_5hpzl_label\" class=\"frm_primary_label\">Var denne veiledningen nyttig?\r\n        <span class=\"frm_required\" aria-hidden=\"true\"><\/span>\r\n    <\/div>\r\n    <div class=\"frm_opt_container\" aria-labelledby=\"field_5hpzl_label\" role=\"radiogroup\">\t\t<div class=\"frm_radio\" id=\"frm_radio_7-0\">\t\t\t<label  for=\"field_5hpzl-0\">\n\t\t\t\t\t<input type=\"radio\" name=\"item_meta[7]\" id=\"field_5hpzl-0\" value=\"Ja\"\n\t\t data-invmsg=\"Var denne veiledningen nyttig? is invalid\"   \/> Ja<\/label><\/div>\n\t\t<div class=\"frm_radio\" id=\"frm_radio_7-1\">\t\t\t<label  for=\"field_5hpzl-1\">\n\t\t\t\t\t<input type=\"radio\" name=\"item_meta[7]\" id=\"field_5hpzl-1\" value=\"Nei\"\n\t\t data-invmsg=\"Var denne veiledningen nyttig? is invalid\"   \/> Nei<\/label><\/div>\n<\/div>\r\n    \r\n    \r\n<\/div>\n<div id=\"frm_field_12_container\" class=\"frm_form_field form-field \">\n\t<div class=\"frm_submit frm_flex\">\r\n<button class=\"frm_button_submit\" type=\"submit\"  >Takk for tilbakemelding<\/button>\r\n\r\n\r\n\r\n<\/div>\n<\/div>\n\t<input type=\"hidden\" name=\"item_key\" value=\"\" \/>\n\t\t\t<div id=\"frm_field_13_container\">\n\t\t\t<label for=\"field_feqjj\" >\n\t\t\t\tIf you are human, leave this field blank.\t\t\t<\/label>\n\t\t\t<input  id=\"field_feqjj\" type=\"text\" class=\"frm_form_field form-field frm_verify\" name=\"item_meta[13]\" value=\"\"  \/>\n\t\t<\/div>\n\t\t<input name=\"frm_state\" type=\"hidden\" value=\"L6SFjAD1LrmJVrySNQZesLeRRJtbaS3WyNRrKhxBu28=\" \/><\/div>\n<\/fieldset>\n<\/div>\n\n<p style=\"display: none !important;\" class=\"akismet-fields-container\" data-prefix=\"ak_\"><label>&#916;<textarea name=\"ak_hp_textarea\" cols=\"45\" rows=\"8\" maxlength=\"100\"><\/textarea><\/label><input type=\"hidden\" id=\"ak_js_1\" name=\"ak_js\" value=\"131\"\/><script>document.getElementById( \"ak_js_1\" ).setAttribute( \"value\", ( new Date() ).getTime() );<\/script><\/p><\/form>\n<\/div>\n\n","protected":false},"excerpt":{"rendered":"<p>For administrasjonen og ledelsen er modulen et verkt\u00f8y som gir deg full oversikt over bedriftens bruddhistorikk og gir deg mulighet til \u00e5 opprette bruddbrev og sende bruddrapporter. Det er ogs\u00e5 et nyttig verkt\u00f8y for kontroll og oppf\u00f8lgning av kj\u00f8re og hviletid. For sj\u00e5f\u00f8rene er modulen en oversikt over brudd, bruddhistorikk og bruddrapporter: I tillegg en&hellip; <a href=\"https:\/\/kundeservice.admmit.no\/?page_id=422\" class=\"more-link\">Continue reading <span class=\"screen-reader-text\">Kj\u00f8re- og hviletid-modul<\/span><\/a><\/p>\n","protected":false},"author":240207110,"featured_media":0,"parent":0,"menu_order":0,"comment_status":"closed","ping_status":"closed","template":"","meta":{"inline_featured_image":false,"advanced_seo_description":"","jetpack_seo_html_title":"","jetpack_seo_noindex":false,"footnotes":""},"class_list":["post-422","page","type-page","status-publish","hentry"],"jetpack_shortlink":"https:\/\/wp.me\/Pf9TLW-6O","_links":{"self":[{"href":"https:\/\/kundeservice.admmit.no\/index.php?rest_route=\/wp\/v2\/pages\/422","targetHints":{"allow":["GET"]}}],"collection":[{"href":"https:\/\/kundeservice.admmit.no\/index.php?rest_route=\/wp\/v2\/pages"}],"about":[{"href":"https:\/\/kundeservice.admmit.no\/index.php?rest_route=\/wp\/v2\/types\/page"}],"author":[{"embeddable":true,"href":"https:\/\/kundeservice.admmit.no\/index.php?rest_route=\/wp\/v2\/users\/240207110"}],"replies":[{"embeddable":true,"href":"https:\/\/kundeservice.admmit.no\/index.php?rest_route=%2Fwp%2Fv2%2Fcomments&post=422"}],"version-history":[{"count":16,"href":"https:\/\/kundeservice.admmit.no\/index.php?rest_route=\/wp\/v2\/pages\/422\/revisions"}],"predecessor-version":[{"id":2533,"href":"https:\/\/kundeservice.admmit.no\/index.php?rest_route=\/wp\/v2\/pages\/422\/revisions\/2533"}],"wp:attachment":[{"href":"https:\/\/kundeservice.admmit.no\/index.php?rest_route=%2Fwp%2Fv2%2Fmedia&parent=422"}],"curies":[{"name":"wp","href":"https:\/\/api.w.org\/{rel}","templated":true}]}}