{"id":579,"date":"2024-02-13T08:10:56","date_gmt":"2024-02-13T07:10:56","guid":{"rendered":"https:\/\/kundeservice.admmit.no\/?page_id=579"},"modified":"2024-09-10T12:45:43","modified_gmt":"2024-09-10T10:45:43","slug":"hjelpesenter","status":"publish","type":"page","link":"https:\/\/kundeservice.admmit.no\/","title":{"rendered":""},"content":{"rendered":"\n<p>Velkommen til hjelpesenteret, denne siden er under utvikling og blir oppdatert fortl\u00f8pende! Har du noen innspill til siden, eller \u00f8nsker innhold til denne siden? <a href=\"https:\/\/kundeservice.admmit.no\/?page_id=1253\" data-type=\"page\" data-id=\"1253\"><mark style=\"background-color:rgba(0, 0, 0, 0)\" class=\"has-inline-color has-vivid-cyan-blue-color\">Ta kontakt<\/mark><\/a><mark style=\"background-color:rgba(0, 0, 0, 0)\" class=\"has-inline-color has-pale-cyan-blue-color\"> <\/mark>s\u00e5 lager vi innhold til deg \ud83d\ude09<\/p>\n\n\n\n<p><\/p>\n\n\n\n<p class=\"has-large-font-size\">Hva kan vi hjelpe deg med?<\/p>\n\n\n<form role=\"search\" method=\"get\" action=\"https:\/\/kundeservice.admmit.no\/\" class=\"wp-block-search__button-inside wp-block-search__text-button wp-block-search\"    ><label class=\"wp-block-search__label screen-reader-text\" for=\"wp-block-search__input-1\" >Search<\/label><div class=\"wp-block-search__inside-wrapper\" ><input class=\"wp-block-search__input\" id=\"wp-block-search__input-1\" placeholder=\"S\u00f8k i hjelpesenteret\" value=\"\" type=\"search\" name=\"s\" required \/><button aria-label=\"S\u00f8k\" class=\"wp-block-search__button wp-element-button\" type=\"submit\" >S\u00f8k<\/button><\/div><\/form>\n\n\n<p><\/p>\n","protected":false},"excerpt":{"rendered":"<p>Velkommen til hjelpesenteret, denne siden er under utvikling og blir oppdatert fortl\u00f8pende! Har du noen innspill til siden, eller \u00f8nsker innhold til denne siden? Ta kontakt s\u00e5 lager vi innhold til deg \ud83d\ude09 Hva kan vi hjelpe deg med?<\/p>\n","protected":false},"author":240207110,"featured_media":0,"parent":468,"menu_order":0,"comment_status":"closed","ping_status":"closed","template":"","meta":{"inline_featured_image":false,"advanced_seo_description":"","jetpack_seo_html_title":"","jetpack_seo_noindex":false,"footnotes":""},"class_list":["post-579","page","type-page","status-publish","hentry"],"jetpack_shortlink":"https:\/\/wp.me\/Pf9TLW-9l","_links":{"self":[{"href":"https:\/\/kundeservice.admmit.no\/index.php?rest_route=\/wp\/v2\/pages\/579","targetHints":{"allow":["GET"]}}],"collection":[{"href":"https:\/\/kundeservice.admmit.no\/index.php?rest_route=\/wp\/v2\/pages"}],"about":[{"href":"https:\/\/kundeservice.admmit.no\/index.php?rest_route=\/wp\/v2\/types\/page"}],"author":[{"embeddable":true,"href":"https:\/\/kundeservice.admmit.no\/index.php?rest_route=\/wp\/v2\/users\/240207110"}],"replies":[{"embeddable":true,"href":"https:\/\/kundeservice.admmit.no\/index.php?rest_route=%2Fwp%2Fv2%2Fcomments&post=579"}],"version-history":[{"count":22,"href":"https:\/\/kundeservice.admmit.no\/index.php?rest_route=\/wp\/v2\/pages\/579\/revisions"}],"predecessor-version":[{"id":2316,"href":"https:\/\/kundeservice.admmit.no\/index.php?rest_route=\/wp\/v2\/pages\/579\/revisions\/2316"}],"up":[{"embeddable":true,"href":"https:\/\/kundeservice.admmit.no\/index.php?rest_route=\/wp\/v2\/pages\/468"}],"wp:attachment":[{"href":"https:\/\/kundeservice.admmit.no\/index.php?rest_route=%2Fwp%2Fv2%2Fmedia&parent=579"}],"curies":[{"name":"wp","href":"https:\/\/api.w.org\/{rel}","templated":true}]}}